{"id":6801,"date":"2021-05-28T11:34:38","date_gmt":"2021-05-28T11:34:38","guid":{"rendered":"https:\/\/deugdelijkbestuuraruba.org\/?page_id=6801"},"modified":"2021-05-28T11:36:17","modified_gmt":"2021-05-28T11:36:17","slug":"gobernacion-en-aruba","status":"publish","type":"page","link":"https:\/\/deugdelijkbestuuraruba.org\/es\/gobernacion-en-aruba\/","title":{"rendered":"Gobernaci\u00f3n en Aruba"},"content":{"rendered":"<div class=\"fusion-fullwidth fullwidth-box fusion-builder-row-1 nonhundred-percent-fullwidth non-hundred-percent-height-scrolling\" style=\"--awb-border-radius-top-left:0px;--awb-border-radius-top-right:0px;--awb-border-radius-bottom-right:0px;--awb-border-radius-bottom-left:0px;--awb-flex-wrap:wrap;\" ><div class=\"fusion-builder-row fusion-row\"><div class=\"fusion-layout-column fusion_builder_column fusion-builder-column-0 fusion_builder_column_1_1 1_1 fusion-one-full fusion-column-first fusion-column-last\" style=\"--awb-bg-size:cover;\"><div class=\"fusion-column-wrapper fusion-flex-column-wrapper-legacy\"><div class=\"fusion-content-boxes content-boxes columns row fusion-columns-2 fusion-columns-total-12 fusion-content-boxes-1 content-boxes-icon-with-title content-left\" style=\"--awb-hover-accent-color:#2294d6;--awb-circle-hover-accent-color:transparent;\" data-animationOffset=\"top-into-view\"><div style=\"--awb-backgroundcolor:rgba(255,255,255,0);--awb-iconcolor:#2294d6;\" class=\"fusion-column content-box-column content-box-column content-box-column-1 col-lg-6 col-md-6 col-sm-6 fusion-content-box-hover content-box-column-first-in-row\"><div class=\"col content-box-wrapper content-wrapper link-area-box icon-hover-animation-slide\" data-animationOffset=\"top-into-view\"><div class=\"heading heading-with-icon icon-left\"><div class=\"icon\"><i style=\"background-color:transparent;border-color:transparent;height:auto;width: 21px;line-height:normal;font-size:21px;\" aria-hidden=\"true\" class=\"fontawesome-icon fa-arrow-down fas circle-no\"><\/i><\/div><h2 class=\"content-box-heading\" style=\"--h2_typography-font-size:18px;line-height:23px;\">12 - Recapitulaci\u00f3n y conclusi\u00f3n<\/h2><\/div><div class=\"fusion-clearfix\"><\/div><div class=\"content-container\">\n<div class=\"video-shortcode\"><iframe title=\"12 - Recapitulaci\u00f3n y conclusi\u00f3n\" width=\"1170\" height=\"658\" src=\"https:\/\/www.youtube.com\/embed\/CTW_7mCbPok?feature=oembed\" frameborder=\"0\" allow=\"accelerometer; autoplay; clipboard-write; encrypted-media; gyroscope; picture-in-picture\" allowfullscreen><\/iframe><\/div>\n<\/div><\/div><\/div><div style=\"--awb-backgroundcolor:rgba(255,255,255,0);--awb-iconcolor:#2294d6;\" class=\"fusion-column content-box-column content-box-column content-box-column-2 col-lg-6 col-md-6 col-sm-6 fusion-content-box-hover content-box-column-last-in-row\"><div class=\"col content-box-wrapper content-wrapper link-area-box icon-hover-animation-slide\" data-animationOffset=\"top-into-view\"><div class=\"heading heading-with-icon icon-left\"><div class=\"icon\"><i style=\"background-color:transparent;border-color:transparent;height:auto;width: 21px;line-height:normal;font-size:21px;\" aria-hidden=\"true\" class=\"fontawesome-icon fa-arrow-down fas circle-no\"><\/i><\/div><h2 class=\"content-box-heading\" style=\"--h2_typography-font-size:18px;line-height:23px;\">11 - Un sinf\u00edn de proyectos sospechosos, a pesar de que no hay dinero!<\/h2><\/div><div class=\"fusion-clearfix\"><\/div><div class=\"content-container\">\n<div class=\"video-shortcode\"><iframe title=\"11 - Un sinf\u00edn de proyectos sospechosos, a pesar de que no hay dinero!\" width=\"1170\" height=\"658\" src=\"https:\/\/www.youtube.com\/embed\/uLOHc5azRdU?feature=oembed\" frameborder=\"0\" allow=\"accelerometer; autoplay; clipboard-write; encrypted-media; gyroscope; picture-in-picture\" allowfullscreen><\/iframe><\/div>\n<\/div><\/div><\/div><div style=\"--awb-backgroundcolor:rgba(255,255,255,0);--awb-iconcolor:#2294d6;\" class=\"fusion-column content-box-column content-box-column content-box-column-3 col-lg-6 col-md-6 col-sm-6 fusion-content-box-hover content-box-column-first-in-row\"><div class=\"col content-box-wrapper content-wrapper link-area-box icon-hover-animation-slide\" data-animationOffset=\"top-into-view\"><div class=\"heading heading-with-icon icon-left\"><div class=\"icon\"><i style=\"background-color:transparent;border-color:transparent;height:auto;width: 21px;line-height:normal;font-size:21px;\" aria-hidden=\"true\" class=\"fontawesome-icon fa-arrow-down fas circle-no\"><\/i><\/div><h2 class=\"content-box-heading\" style=\"--h2_typography-font-size:18px;line-height:23px;\">10 - Manejo de proyectos del gobierno<\/h2><\/div><div class=\"fusion-clearfix\"><\/div><div class=\"content-container\">\n<div class=\"video-shortcode\"><iframe title=\"10 - Manejo de proyectos del gobierno\" width=\"1170\" height=\"658\" src=\"https:\/\/www.youtube.com\/embed\/MKzlCtG-1Zo?feature=oembed\" frameborder=\"0\" allow=\"accelerometer; autoplay; clipboard-write; encrypted-media; gyroscope; picture-in-picture\" allowfullscreen><\/iframe><\/div>\n<\/div><\/div><\/div><div style=\"--awb-backgroundcolor:rgba(255,255,255,0);--awb-iconcolor:#2294d6;\" class=\"fusion-column content-box-column content-box-column content-box-column-4 col-lg-6 col-md-6 col-sm-6 fusion-content-box-hover content-box-column-last-in-row\"><div class=\"col content-box-wrapper content-wrapper link-area-box icon-hover-animation-slide\" data-animationOffset=\"top-into-view\"><div class=\"heading heading-with-icon icon-left\"><div class=\"icon\"><i style=\"background-color:transparent;border-color:transparent;height:auto;width: 21px;line-height:normal;font-size:21px;\" aria-hidden=\"true\" class=\"fontawesome-icon fa-arrow-down fas circle-no\"><\/i><\/div><h2 class=\"content-box-heading\" style=\"--h2_typography-font-size:18px;line-height:23px;\">9 - Manejo de proyecto de casas y negocios<\/h2><\/div><div class=\"fusion-clearfix\"><\/div><div class=\"content-container\">\n<div class=\"video-shortcode\"><iframe title=\"9 - Manejo de proyecto de casas y negocios\" width=\"1170\" height=\"658\" src=\"https:\/\/www.youtube.com\/embed\/paF5XcNBDfQ?feature=oembed\" frameborder=\"0\" allow=\"accelerometer; autoplay; clipboard-write; encrypted-media; gyroscope; picture-in-picture\" allowfullscreen><\/iframe><\/div>\n<\/div><\/div><\/div><div style=\"--awb-backgroundcolor:rgba(255,255,255,0);--awb-iconcolor:#2294d6;\" class=\"fusion-column content-box-column content-box-column content-box-column-5 col-lg-6 col-md-6 col-sm-6 fusion-content-box-hover content-box-column-first-in-row\"><div class=\"col content-box-wrapper content-wrapper link-area-box icon-hover-animation-slide\" data-animationOffset=\"top-into-view\"><div class=\"heading heading-with-icon icon-left\"><div class=\"icon\"><i style=\"background-color:transparent;border-color:transparent;height:auto;width: 21px;line-height:normal;font-size:21px;\" aria-hidden=\"true\" class=\"fontawesome-icon fa-arrow-down fas circle-no\"><\/i><\/div><h2 class=\"content-box-heading\" style=\"--h2_typography-font-size:18px;line-height:23px;\">8 - Soluci\u00f3n para el problema de nombramientos pol\u00edticos<\/h2><\/div><div class=\"fusion-clearfix\"><\/div><div class=\"content-container\">\n<div class=\"video-shortcode\"><iframe title=\"8 - Soluci\u00f3n para el problema de nombramientos pol\u00edticos\" width=\"1170\" height=\"658\" src=\"https:\/\/www.youtube.com\/embed\/tCdnjPclu_s?feature=oembed\" frameborder=\"0\" allow=\"accelerometer; autoplay; clipboard-write; encrypted-media; gyroscope; picture-in-picture\" allowfullscreen><\/iframe><\/div>\n<\/div><\/div><\/div><div style=\"--awb-backgroundcolor:rgba(255,255,255,0);--awb-iconcolor:#2294d6;\" class=\"fusion-column content-box-column content-box-column content-box-column-6 col-lg-6 col-md-6 col-sm-6 fusion-content-box-hover content-box-column-last-in-row\"><div class=\"col content-box-wrapper content-wrapper link-area-box icon-hover-animation-slide\" data-animationOffset=\"top-into-view\"><div class=\"heading heading-with-icon icon-left\"><div class=\"icon\"><i style=\"background-color:transparent;border-color:transparent;height:auto;width: 21px;line-height:normal;font-size:21px;\" aria-hidden=\"true\" class=\"fontawesome-icon fa-arrow-down fas circle-no\"><\/i><\/div><h2 class=\"content-box-heading\" style=\"--h2_typography-font-size:18px;line-height:23px;\">7 - Nombramiento pol\u00edtico, un tumor serio para Aruba<\/h2><\/div><div class=\"fusion-clearfix\"><\/div><div class=\"content-container\">\n<div class=\"video-shortcode\"><iframe title=\"7 - Nombramiento pol\u00edtico, un tumor serio para Aruba\" width=\"1170\" height=\"658\" src=\"https:\/\/www.youtube.com\/embed\/SGVCvhs6-hI?feature=oembed\" frameborder=\"0\" allow=\"accelerometer; autoplay; clipboard-write; encrypted-media; gyroscope; picture-in-picture\" allowfullscreen><\/iframe><\/div>\n<\/div><\/div><\/div><div style=\"--awb-backgroundcolor:rgba(255,255,255,0);--awb-iconcolor:#2294d6;\" class=\"fusion-column content-box-column content-box-column content-box-column-7 col-lg-6 col-md-6 col-sm-6 fusion-content-box-hover content-box-column-first-in-row\"><div class=\"col content-box-wrapper content-wrapper link-area-box icon-hover-animation-slide\" data-animationOffset=\"top-into-view\"><div class=\"heading heading-with-icon icon-left\"><div class=\"icon\"><i style=\"background-color:transparent;border-color:transparent;height:auto;width: 21px;line-height:normal;font-size:21px;\" aria-hidden=\"true\" class=\"fontawesome-icon fa-arrow-down fas circle-no\"><\/i><\/div><h2 class=\"content-box-heading\" style=\"--h2_typography-font-size:18px;line-height:23px;\">6 - Nombramiento pol\u00edtico, una cuesti\u00f3n de corrupci\u00f3n<\/h2><\/div><div class=\"fusion-clearfix\"><\/div><div class=\"content-container\">\n<div class=\"video-shortcode\"><iframe title=\"6 - Nombramiento pol\u00edtico, una cuesti\u00f3n de corrupci\u00f3n\" width=\"1170\" height=\"658\" src=\"https:\/\/www.youtube.com\/embed\/_c912VDNaxI?feature=oembed\" frameborder=\"0\" allow=\"accelerometer; autoplay; clipboard-write; encrypted-media; gyroscope; picture-in-picture\" allowfullscreen><\/iframe><\/div>\n<\/div><\/div><\/div><div style=\"--awb-backgroundcolor:rgba(255,255,255,0);--awb-iconcolor:#2294d6;\" class=\"fusion-column content-box-column content-box-column content-box-column-8 col-lg-6 col-md-6 col-sm-6 fusion-content-box-hover content-box-column-last-in-row\"><div class=\"col content-box-wrapper content-wrapper link-area-box icon-hover-animation-slide\" data-animationOffset=\"top-into-view\"><div class=\"heading heading-with-icon icon-left\"><div class=\"icon\"><i style=\"background-color:transparent;border-color:transparent;height:auto;width: 21px;line-height:normal;font-size:21px;\" aria-hidden=\"true\" class=\"fontawesome-icon fa-arrow-down fas circle-no\"><\/i><\/div><h2 class=\"content-box-heading\" style=\"--h2_typography-font-size:18px;line-height:23px;\">5 - La necesidad y limitaci\u00f3n del personal en la casa y en el negocio<\/h2><\/div><div class=\"fusion-clearfix\"><\/div><div class=\"content-container\">\n<div class=\"video-shortcode\"><iframe title=\"5 - La necesidad y limitaci\u00f3n del personal en la casa y en el negocio\" width=\"1170\" height=\"658\" src=\"https:\/\/www.youtube.com\/embed\/VsVcui24rOI?feature=oembed\" frameborder=\"0\" allow=\"accelerometer; autoplay; clipboard-write; encrypted-media; gyroscope; picture-in-picture\" allowfullscreen><\/iframe><\/div>\n<\/div><\/div><\/div><div style=\"--awb-backgroundcolor:rgba(255,255,255,0);--awb-iconcolor:#2294d6;\" class=\"fusion-column content-box-column content-box-column content-box-column-9 col-lg-6 col-md-6 col-sm-6 fusion-content-box-hover content-box-column-first-in-row\"><div class=\"col content-box-wrapper content-wrapper link-area-box icon-hover-animation-slide\" data-animationOffset=\"top-into-view\"><div class=\"heading heading-with-icon icon-left\"><div class=\"icon\"><i style=\"background-color:transparent;border-color:transparent;height:auto;width: 21px;line-height:normal;font-size:21px;\" aria-hidden=\"true\" class=\"fontawesome-icon fa-arrow-down fas circle-no\"><\/i><\/div><h2 class=\"content-box-heading\" style=\"--h2_typography-font-size:18px;line-height:23px;\">4 - Administraci\u00f3n financiera del gobierno<\/h2><\/div><div class=\"fusion-clearfix\"><\/div><div class=\"content-container\">\n<div class=\"video-shortcode\"><iframe title=\"4 - Administraci\u00f3n financiera del gobierno\" width=\"1170\" height=\"658\" src=\"https:\/\/www.youtube.com\/embed\/tqajarUQ3qk?feature=oembed\" frameborder=\"0\" allow=\"accelerometer; autoplay; clipboard-write; encrypted-media; gyroscope; picture-in-picture\" allowfullscreen><\/iframe><\/div>\n<\/div><\/div><\/div><div style=\"--awb-backgroundcolor:rgba(255,255,255,0);--awb-iconcolor:#2294d6;\" class=\"fusion-column content-box-column content-box-column content-box-column-10 col-lg-6 col-md-6 col-sm-6 fusion-content-box-hover content-box-column-last-in-row\"><div class=\"col content-box-wrapper content-wrapper link-area-box icon-hover-animation-slide\" data-animationOffset=\"top-into-view\"><div class=\"heading heading-with-icon icon-left\"><div class=\"icon\"><i style=\"background-color:transparent;border-color:transparent;height:auto;width: 21px;line-height:normal;font-size:21px;\" aria-hidden=\"true\" class=\"fontawesome-icon fa-arrow-down fas circle-no\"><\/i><\/div><h2 class=\"content-box-heading\" style=\"--h2_typography-font-size:18px;line-height:23px;\">3 - Administraci\u00f3n financiera de casas negocios<\/h2><\/div><div class=\"fusion-clearfix\"><\/div><div class=\"content-container\">\n<div class=\"video-shortcode\"><iframe title=\"3 - Administraci\u00f3n financiera de casas negocios\" width=\"1170\" height=\"658\" src=\"https:\/\/www.youtube.com\/embed\/sc_Z1fe_bFk?feature=oembed\" frameborder=\"0\" allow=\"accelerometer; autoplay; clipboard-write; encrypted-media; gyroscope; picture-in-picture\" allowfullscreen><\/iframe><\/div>\n<\/div><\/div><\/div><div style=\"--awb-backgroundcolor:rgba(255,255,255,0);--awb-iconcolor:#2294d6;\" class=\"fusion-column content-box-column content-box-column content-box-column-11 col-lg-6 col-md-6 col-sm-6 fusion-content-box-hover content-box-column-first-in-row\"><div class=\"col content-box-wrapper content-wrapper link-area-box icon-hover-animation-slide\" data-animationOffset=\"top-into-view\"><div class=\"heading heading-with-icon icon-left\"><div class=\"icon\"><i style=\"background-color:transparent;border-color:transparent;height:auto;width: 21px;line-height:normal;font-size:21px;\" aria-hidden=\"true\" class=\"fontawesome-icon fa-arrow-down fas circle-no\"><\/i><\/div><h2 class=\"content-box-heading\" style=\"--h2_typography-font-size:18px;line-height:23px;\">2 - La realidad de la gobernaci\u00f3n en Aruba<\/h2><\/div><div class=\"fusion-clearfix\"><\/div><div class=\"content-container\">\n<div class=\"video-shortcode\"><iframe title=\"2 - La realidad de la gobernaci\u00f3n en Aruba\" width=\"1170\" height=\"658\" src=\"https:\/\/www.youtube.com\/embed\/Qrw1Br7ora4?feature=oembed\" frameborder=\"0\" allow=\"accelerometer; autoplay; clipboard-write; encrypted-media; gyroscope; picture-in-picture\" allowfullscreen><\/iframe><\/div>\n<\/div><\/div><\/div><div style=\"--awb-backgroundcolor:rgba(255,255,255,0);--awb-iconcolor:#2294d6;\" class=\"fusion-column content-box-column content-box-column content-box-column-12 col-lg-6 col-md-6 col-sm-6 fusion-content-box-hover content-box-column-last content-box-column-last-in-row\"><div class=\"col content-box-wrapper content-wrapper link-area-box icon-hover-animation-slide\" data-animationOffset=\"top-into-view\"><div class=\"heading heading-with-icon icon-left\"><div class=\"icon\"><i style=\"background-color:transparent;border-color:transparent;height:auto;width: 21px;line-height:normal;font-size:21px;\" aria-hidden=\"true\" class=\"fontawesome-icon fa-arrow-down fas circle-no\"><\/i><\/div><h2 class=\"content-box-heading\" style=\"--h2_typography-font-size:18px;line-height:23px;\">1 - Tareas del gobierno<\/h2><\/div><div class=\"fusion-clearfix\"><\/div><div class=\"content-container\">\n<div class=\"video-shortcode\"><iframe title=\"1 - Tareas del gobierno\" width=\"1170\" height=\"658\" src=\"https:\/\/www.youtube.com\/embed\/bTt6LpnKUmA?feature=oembed\" frameborder=\"0\" allow=\"accelerometer; autoplay; clipboard-write; encrypted-media; gyroscope; picture-in-picture\" allowfullscreen><\/iframe><\/div>\n<\/div><\/div><\/div><div class=\"fusion-clearfix\"><\/div><\/div><div class=\"fusion-clearfix\"><\/div><\/div><\/div><\/div><\/div>\n","protected":false},"excerpt":{"rendered":"","protected":false},"author":1,"featured_media":0,"parent":0,"menu_order":0,"comment_status":"closed","ping_status":"closed","template":"","meta":{"footnotes":""},"class_list":["post-6801","page","type-page","status-publish","hentry"],"yoast_head":"<!-- This site is optimized with the Yoast SEO plugin v26.9 - https:\/\/yoast.com\/product\/yoast-seo-wordpress\/ -->\n<title>Gobernaci\u00f3n en Aruba - Deugdelijk Bestuur Aruba<\/title>\n<meta name=\"robots\" content=\"index, follow, max-snippet:-1, max-image-preview:large, max-video-preview:-1\" \/>\n<link rel=\"canonical\" href=\"https:\/\/deugdelijkbestuuraruba.org\/bestuur-in-aruba\/\" \/>\n<meta property=\"og:locale\" content=\"es_ES\" \/>\n<meta property=\"og:type\" content=\"article\" \/>\n<meta property=\"og:title\" content=\"Gobernaci\u00f3n en Aruba - Deugdelijk Bestuur Aruba\" \/>\n<meta property=\"og:url\" content=\"https:\/\/deugdelijkbestuuraruba.org\/bestuur-in-aruba\/\" \/>\n<meta property=\"og:site_name\" content=\"Deugdelijk Bestuur Aruba\" \/>\n<meta property=\"article:modified_time\" content=\"2021-05-28T11:36:17+00:00\" \/>\n<meta name=\"twitter:card\" content=\"summary_large_image\" \/>\n<meta name=\"twitter:label1\" content=\"Tiempo de lectura\" \/>\n\t<meta name=\"twitter:data1\" content=\"5 minutos\" \/>\n<script type=\"application\/ld+json\" class=\"yoast-schema-graph\">{\"@context\":\"https:\/\/schema.org\",\"@graph\":[{\"@type\":\"WebPage\",\"@id\":\"https:\/\/deugdelijkbestuuraruba.org\/bestuur-in-aruba\/\",\"url\":\"https:\/\/deugdelijkbestuuraruba.org\/bestuur-in-aruba\/\",\"name\":\"Gobernaci\u00f3n en Aruba - Deugdelijk Bestuur Aruba\",\"isPartOf\":{\"@id\":\"https:\/\/deugdelijkbestuuraruba.org\/#website\"},\"datePublished\":\"2021-05-28T11:34:38+00:00\",\"dateModified\":\"2021-05-28T11:36:17+00:00\",\"breadcrumb\":{\"@id\":\"https:\/\/deugdelijkbestuuraruba.org\/bestuur-in-aruba\/#breadcrumb\"},\"inLanguage\":\"es\",\"potentialAction\":[{\"@type\":\"ReadAction\",\"target\":[\"https:\/\/deugdelijkbestuuraruba.org\/bestuur-in-aruba\/\"]}]},{\"@type\":\"BreadcrumbList\",\"@id\":\"https:\/\/deugdelijkbestuuraruba.org\/bestuur-in-aruba\/#breadcrumb\",\"itemListElement\":[{\"@type\":\"ListItem\",\"position\":1,\"name\":\"Home\",\"item\":\"https:\/\/deugdelijkbestuuraruba.org\/es\/\"},{\"@type\":\"ListItem\",\"position\":2,\"name\":\"Gobernaci\u00f3n en Aruba\"}]},{\"@type\":\"WebSite\",\"@id\":\"https:\/\/deugdelijkbestuuraruba.org\/#website\",\"url\":\"https:\/\/deugdelijkbestuuraruba.org\/\",\"name\":\"Deugdelijk Bestuur Aruba\",\"description\":\"\",\"potentialAction\":[{\"@type\":\"SearchAction\",\"target\":{\"@type\":\"EntryPoint\",\"urlTemplate\":\"https:\/\/deugdelijkbestuuraruba.org\/?s={search_term_string}\"},\"query-input\":{\"@type\":\"PropertyValueSpecification\",\"valueRequired\":true,\"valueName\":\"search_term_string\"}}],\"inLanguage\":\"es\"}]}<\/script>\n<!-- \/ Yoast SEO plugin. -->","yoast_head_json":{"title":"Gobernaci\u00f3n en Aruba - Deugdelijk Bestuur Aruba","robots":{"index":"index","follow":"follow","max-snippet":"max-snippet:-1","max-image-preview":"max-image-preview:large","max-video-preview":"max-video-preview:-1"},"canonical":"https:\/\/deugdelijkbestuuraruba.org\/bestuur-in-aruba\/","og_locale":"es_ES","og_type":"article","og_title":"Gobernaci\u00f3n en Aruba - Deugdelijk Bestuur Aruba","og_url":"https:\/\/deugdelijkbestuuraruba.org\/bestuur-in-aruba\/","og_site_name":"Deugdelijk Bestuur Aruba","article_modified_time":"2021-05-28T11:36:17+00:00","twitter_card":"summary_large_image","twitter_misc":{"Tiempo de lectura":"5 minutos"},"schema":{"@context":"https:\/\/schema.org","@graph":[{"@type":"WebPage","@id":"https:\/\/deugdelijkbestuuraruba.org\/bestuur-in-aruba\/","url":"https:\/\/deugdelijkbestuuraruba.org\/bestuur-in-aruba\/","name":"Gobernaci\u00f3n en Aruba - Deugdelijk Bestuur Aruba","isPartOf":{"@id":"https:\/\/deugdelijkbestuuraruba.org\/#website"},"datePublished":"2021-05-28T11:34:38+00:00","dateModified":"2021-05-28T11:36:17+00:00","breadcrumb":{"@id":"https:\/\/deugdelijkbestuuraruba.org\/bestuur-in-aruba\/#breadcrumb"},"inLanguage":"es","potentialAction":[{"@type":"ReadAction","target":["https:\/\/deugdelijkbestuuraruba.org\/bestuur-in-aruba\/"]}]},{"@type":"BreadcrumbList","@id":"https:\/\/deugdelijkbestuuraruba.org\/bestuur-in-aruba\/#breadcrumb","itemListElement":[{"@type":"ListItem","position":1,"name":"Home","item":"https:\/\/deugdelijkbestuuraruba.org\/es\/"},{"@type":"ListItem","position":2,"name":"Gobernaci\u00f3n en Aruba"}]},{"@type":"WebSite","@id":"https:\/\/deugdelijkbestuuraruba.org\/#website","url":"https:\/\/deugdelijkbestuuraruba.org\/","name":"Deugdelijk Bestuur Aruba","description":"","potentialAction":[{"@type":"SearchAction","target":{"@type":"EntryPoint","urlTemplate":"https:\/\/deugdelijkbestuuraruba.org\/?s={search_term_string}"},"query-input":{"@type":"PropertyValueSpecification","valueRequired":true,"valueName":"search_term_string"}}],"inLanguage":"es"}]}},"_links":{"self":[{"href":"https:\/\/deugdelijkbestuuraruba.org\/es\/wp-json\/wp\/v2\/pages\/6801","targetHints":{"allow":["GET"]}}],"collection":[{"href":"https:\/\/deugdelijkbestuuraruba.org\/es\/wp-json\/wp\/v2\/pages"}],"about":[{"href":"https:\/\/deugdelijkbestuuraruba.org\/es\/wp-json\/wp\/v2\/types\/page"}],"author":[{"embeddable":true,"href":"https:\/\/deugdelijkbestuuraruba.org\/es\/wp-json\/wp\/v2\/users\/1"}],"replies":[{"embeddable":true,"href":"https:\/\/deugdelijkbestuuraruba.org\/es\/wp-json\/wp\/v2\/comments?post=6801"}],"version-history":[{"count":2,"href":"https:\/\/deugdelijkbestuuraruba.org\/es\/wp-json\/wp\/v2\/pages\/6801\/revisions"}],"predecessor-version":[{"id":6803,"href":"https:\/\/deugdelijkbestuuraruba.org\/es\/wp-json\/wp\/v2\/pages\/6801\/revisions\/6803"}],"wp:attachment":[{"href":"https:\/\/deugdelijkbestuuraruba.org\/es\/wp-json\/wp\/v2\/media?parent=6801"}],"curies":[{"name":"wp","href":"https:\/\/api.w.org\/{rel}","templated":true}]}}