{"id":5692,"date":"2016-08-21T20:05:49","date_gmt":"2016-08-21T20:05:49","guid":{"rendered":"http:\/\/deugdelijkbestuuraruba.org\/presentaties\/"},"modified":"2021-07-16T13:46:43","modified_gmt":"2021-07-16T13:46:43","slug":"presentaciones","status":"publish","type":"page","link":"https:\/\/deugdelijkbestuuraruba.org\/es\/presentaciones\/","title":{"rendered":"Presentaciones"},"content":{"rendered":"<div class=\"fusion-fullwidth fullwidth-box fusion-builder-row-1 hundred-percent-fullwidth non-hundred-percent-height-scrolling\" style=\"--awb-border-radius-top-left:0px;--awb-border-radius-top-right:0px;--awb-border-radius-bottom-right:0px;--awb-border-radius-bottom-left:0px;--awb-overflow:visible;--awb-flex-wrap:wrap;\" ><div class=\"fusion-builder-row fusion-row\"><div class=\"fusion-layout-column fusion_builder_column fusion-builder-column-0 fusion_builder_column_1_1 1_1 fusion-one-full fusion-column-first fusion-column-last fusion-column-no-min-height\" style=\"--awb-bg-size:cover;--awb-margin-bottom:0px;\"><div class=\"fusion-column-wrapper fusion-flex-column-wrapper-legacy\"><div class=\"fusion-text fusion-text-1\"><p>Desde el inicio del Status Aparte en 1986, las finanzas p\u00fablicas de Aruba fueron problem\u00e1ticas. Esta situaci\u00f3n se ha agravado en los \u00faltimos 30 a\u00f1os a pesar del buen desempe\u00f1o econ\u00f3mico. Los intentos de mejorar la situaci\u00f3n financiera condujeron principalmente a aumentos de impuestos y primas que s\u00f3lo tuvieron efectos a corto plazo. Aparentemente, hubo fuerzas en juego que influyeron estructuralmente negativamente en las finanzas p\u00fablicas de Aruba.<\/p>\n<p>De hecho, un an\u00e1lisis de los informes existentes de los \u00f3rganos de asesor\u00eda y de control oficiales de Aruba muestra que el patrocinio pol\u00edtico, la gesti\u00f3n financiera inadecuada y los proyectos dudosos durante todo el per\u00edodo del Estatus Aparte jugaron un mal papel en el proceso pol\u00edtico. Juntos forman los elementos principales de la gesti\u00f3n (estructuralmente defectuosa) realizada. Esto ha provocado una enorme p\u00e9rdida de dinero y un nivel de endeudamiento inaceptable. Para muchos, la pregunta es de qu\u00e9 manera se produjo \/ hace en la pr\u00e1ctica una gobernanza poco s\u00f3lida en Aruba y tambi\u00e9n qu\u00e9 significa eso en t\u00e9rminos concretos para la sociedad.<\/p>\n<p>Dado que no hay tradici\u00f3n de lectura en Aruba y especialmente las generaciones m\u00e1s j\u00f3venes apenas tienen informaci\u00f3n sobre los hechos reales del crecimiento de la carga de la deuda y todos los problemas asociados con ella, SDBA ha optado por mostrar este desarrollo a trav\u00e9s de presentaciones.<\/p>\n<\/div><div class=\"fusion-sep-clear\"><\/div><div class=\"fusion-separator fusion-full-width-sep\" style=\"margin-left: auto;margin-right: auto;width:100%;\"><\/div><div class=\"fusion-sep-clear\"><\/div><div class=\"fusion-clearfix\"><\/div><\/div><\/div><div class=\"fusion-layout-column fusion_builder_column fusion-builder-column-1 fusion_builder_column_1_1 1_1 fusion-one-full fusion-column-first fusion-column-last fusion-column-no-min-height\" style=\"--awb-bg-size:cover;--awb-margin-bottom:0px;\"><div class=\"fusion-column-wrapper fusion-flex-column-wrapper-legacy\"><div class=\"fusion-title title fusion-title-1 fusion-title-text fusion-title-size-one\"><h1 class=\"fusion-title-heading title-heading-left\" style=\"margin:0;\"><h2>Caracter\u00edsticas importantes de la mala gobernaci\u00f3n<\/h2><\/h1><span class=\"awb-title-spacer\"><\/span><div class=\"title-sep-container\"><div class=\"title-sep sep-single sep-solid\" style=\"border-color:#e0dede;\"><\/div><\/div><\/div><div class=\"fusion-tabs fusion-tabs-1 classic nav-is-justified horizontal-tabs icon-position-left mobile-mode-accordion\" style=\"--awb-title-border-radius-top-left:0px;--awb-title-border-radius-top-right:0px;--awb-title-border-radius-bottom-right:0px;--awb-title-border-radius-bottom-left:0px;--awb-inactive-color:#ebeaea;--awb-background-color:#ffffff;--awb-border-color:#ebeaea;--awb-active-border-color:#2294d6;\"><div class=\"nav\"><ul class=\"nav-tabs nav-justified\" role=\"tablist\"><li class=\"active\" role=\"presentation\"><a class=\"tab-link\" data-toggle=\"tab\" role=\"tab\" aria-controls=\"tab-896c5e6df12e56263cd\" aria-selected=\"true\" id=\"fusion-tab-pol\u00edticadepersonal\" href=\"#tab-896c5e6df12e56263cd\"><h4 class=\"fusion-tab-heading\"><i class=\"fontawesome-icon fa-angle-down fas\" aria-hidden=\"true\" style=\"font-size:16px;\"><\/i>Pol\u00edtica de personal<\/h4><\/a><\/li><li role=\"presentation\"><a class=\"tab-link\" data-toggle=\"tab\" role=\"tab\" aria-controls=\"tab-dc808acb11b27fa330a\" aria-selected=\"false\" tabindex=\"-1\" id=\"fusion-tab-administracionfinanciera\" href=\"#tab-dc808acb11b27fa330a\"><h4 class=\"fusion-tab-heading\"><i class=\"fontawesome-icon fa-angle-down fas\" aria-hidden=\"true\" style=\"font-size:16px;\"><\/i>Administracion Financiera<\/h4><\/a><\/li><li role=\"presentation\"><a class=\"tab-link\" data-toggle=\"tab\" role=\"tab\" aria-controls=\"tab-1b2cf7a540cdb22443e\" aria-selected=\"false\" tabindex=\"-1\" id=\"fusion-tab-transparencia\" href=\"#tab-1b2cf7a540cdb22443e\"><h4 class=\"fusion-tab-heading\"><i class=\"fontawesome-icon fa-angle-down fas\" aria-hidden=\"true\" style=\"font-size:16px;\"><\/i>Transparencia<\/h4><\/a><\/li><li role=\"presentation\"><a class=\"tab-link\" data-toggle=\"tab\" role=\"tab\" aria-controls=\"tab-fad8d6ef5df6619fccd\" aria-selected=\"false\" tabindex=\"-1\" id=\"fusion-tab-funcionamientoparlamentario\" href=\"#tab-fad8d6ef5df6619fccd\"><h4 class=\"fusion-tab-heading\"><i class=\"fontawesome-icon fa-angle-down fas\" aria-hidden=\"true\" style=\"font-size:16px;\"><\/i>Funcionamiento Parlamentario<\/h4><\/a><\/li><li role=\"presentation\"><a class=\"tab-link\" data-toggle=\"tab\" role=\"tab\" aria-controls=\"tab-f72933fae31ffdc75ae\" aria-selected=\"false\" tabindex=\"-1\" id=\"fusion-tab-pol\u00edticasocioecon\u00f3mica\" href=\"#tab-f72933fae31ffdc75ae\"><h4 class=\"fusion-tab-heading\"><i class=\"fontawesome-icon fa-angle-down fas\" aria-hidden=\"true\" style=\"font-size:16px;\"><\/i>Pol\u00edtica Socioecon\u00f3mica <\/h4><\/a><\/li><li role=\"presentation\"><a class=\"tab-link\" data-toggle=\"tab\" role=\"tab\" aria-controls=\"tab-0c40e1d839444a27ec3\" aria-selected=\"false\" tabindex=\"-1\" id=\"fusion-tab-integridad\" href=\"#tab-0c40e1d839444a27ec3\"><h4 class=\"fusion-tab-heading\"><i class=\"fontawesome-icon fa-angle-down fas\" aria-hidden=\"true\" style=\"font-size:16px;\"><\/i>Integridad<\/h4><\/a><\/li><\/ul><\/div><div class=\"tab-content\"><div class=\"nav fusion-mobile-tab-nav\"><ul class=\"nav-tabs nav-justified\" role=\"tablist\"><li class=\"active\" role=\"presentation\"><a class=\"tab-link\" data-toggle=\"tab\" role=\"tab\" aria-controls=\"tab-896c5e6df12e56263cd\" aria-selected=\"true\" id=\"mobile-fusion-tab-pol\u00edticadepersonal\" href=\"#tab-896c5e6df12e56263cd\"><h4 class=\"fusion-tab-heading\"><i class=\"fontawesome-icon fa-angle-down fas\" aria-hidden=\"true\" style=\"font-size:16px;\"><\/i>Pol\u00edtica de personal<\/h4><\/a><\/li><\/ul><\/div><div class=\"tab-pane fade fusion-clearfix in active\" role=\"tabpanel\" tabindex=\"0\" aria-labelledby=\"fusion-tab-pol\u00edticadepersonal\" id=\"tab-896c5e6df12e56263cd\">\n<div style=\"width: 1170px;\" class=\"wp-video\"><video class=\"wp-video-shortcode\" id=\"video-5692-1\" width=\"1170\" height=\"658\" preload=\"metadata\" controls=\"controls\"><source type=\"video\/mp4\" src=\"https:\/\/deugdelijkbestuuraruba.org\/wp-content\/uploads\/2021\/07\/Personeelsbeleid-sp.mp4?_=1\" \/><a href=\"https:\/\/deugdelijkbestuuraruba.org\/wp-content\/uploads\/2021\/07\/Personeelsbeleid-sp.mp4\">https:\/\/deugdelijkbestuuraruba.org\/wp-content\/uploads\/2021\/07\/Personeelsbeleid-sp.mp4<\/a><\/video><\/div>\n<\/div><div class=\"nav fusion-mobile-tab-nav\"><ul class=\"nav-tabs nav-justified\" role=\"tablist\"><li role=\"presentation\"><a class=\"tab-link\" data-toggle=\"tab\" role=\"tab\" aria-controls=\"tab-dc808acb11b27fa330a\" aria-selected=\"false\" tabindex=\"-1\" id=\"mobile-fusion-tab-administracionfinanciera\" href=\"#tab-dc808acb11b27fa330a\"><h4 class=\"fusion-tab-heading\"><i class=\"fontawesome-icon fa-angle-down fas\" aria-hidden=\"true\" style=\"font-size:16px;\"><\/i>Administracion Financiera<\/h4><\/a><\/li><\/ul><\/div><div class=\"tab-pane fade fusion-clearfix\" role=\"tabpanel\" tabindex=\"0\" aria-labelledby=\"fusion-tab-administracionfinanciera\" id=\"tab-dc808acb11b27fa330a\">\n<div style=\"width: 1170px;\" class=\"wp-video\"><video class=\"wp-video-shortcode\" id=\"video-5692-2\" width=\"1170\" height=\"658\" preload=\"metadata\" controls=\"controls\"><source type=\"video\/mp4\" src=\"https:\/\/deugdelijkbestuuraruba.org\/wp-content\/uploads\/2021\/07\/Financieel-beheer-sp.mp4?_=2\" \/><a href=\"https:\/\/deugdelijkbestuuraruba.org\/wp-content\/uploads\/2021\/07\/Financieel-beheer-sp.mp4\">https:\/\/deugdelijkbestuuraruba.org\/wp-content\/uploads\/2021\/07\/Financieel-beheer-sp.mp4<\/a><\/video><\/div>\n<\/div><div class=\"nav fusion-mobile-tab-nav\"><ul class=\"nav-tabs nav-justified\" role=\"tablist\"><li role=\"presentation\"><a class=\"tab-link\" data-toggle=\"tab\" role=\"tab\" aria-controls=\"tab-1b2cf7a540cdb22443e\" aria-selected=\"false\" tabindex=\"-1\" id=\"mobile-fusion-tab-transparencia\" href=\"#tab-1b2cf7a540cdb22443e\"><h4 class=\"fusion-tab-heading\"><i class=\"fontawesome-icon fa-angle-down fas\" aria-hidden=\"true\" style=\"font-size:16px;\"><\/i>Transparencia<\/h4><\/a><\/li><\/ul><\/div><div class=\"tab-pane fade fusion-clearfix\" role=\"tabpanel\" tabindex=\"0\" aria-labelledby=\"fusion-tab-transparencia\" id=\"tab-1b2cf7a540cdb22443e\">\n<div style=\"width: 1170px;\" class=\"wp-video\"><video class=\"wp-video-shortcode\" id=\"video-5692-3\" width=\"1170\" height=\"658\" preload=\"metadata\" controls=\"controls\"><source type=\"video\/mp4\" src=\"https:\/\/deugdelijkbestuuraruba.org\/wp-content\/uploads\/2021\/07\/Transparantie-sp.mp4?_=3\" \/><a href=\"https:\/\/deugdelijkbestuuraruba.org\/wp-content\/uploads\/2021\/07\/Transparantie-sp.mp4\">https:\/\/deugdelijkbestuuraruba.org\/wp-content\/uploads\/2021\/07\/Transparantie-sp.mp4<\/a><\/video><\/div>\n<\/div><div class=\"nav fusion-mobile-tab-nav\"><ul class=\"nav-tabs nav-justified\" role=\"tablist\"><li role=\"presentation\"><a class=\"tab-link\" data-toggle=\"tab\" role=\"tab\" aria-controls=\"tab-fad8d6ef5df6619fccd\" aria-selected=\"false\" tabindex=\"-1\" id=\"mobile-fusion-tab-funcionamientoparlamentario\" href=\"#tab-fad8d6ef5df6619fccd\"><h4 class=\"fusion-tab-heading\"><i class=\"fontawesome-icon fa-angle-down fas\" aria-hidden=\"true\" style=\"font-size:16px;\"><\/i>Funcionamiento Parlamentario<\/h4><\/a><\/li><\/ul><\/div><div class=\"tab-pane fade fusion-clearfix\" role=\"tabpanel\" tabindex=\"0\" aria-labelledby=\"fusion-tab-funcionamientoparlamentario\" id=\"tab-fad8d6ef5df6619fccd\">\n<div style=\"width: 1170px;\" class=\"wp-video\"><video class=\"wp-video-shortcode\" id=\"video-5692-4\" width=\"1170\" height=\"658\" preload=\"metadata\" controls=\"controls\"><source type=\"video\/mp4\" src=\"https:\/\/deugdelijkbestuuraruba.org\/wp-content\/uploads\/2021\/07\/Funcshonamento-parlamentario-sp.mp4?_=4\" \/><a href=\"https:\/\/deugdelijkbestuuraruba.org\/wp-content\/uploads\/2021\/07\/Funcshonamento-parlamentario-sp.mp4\">https:\/\/deugdelijkbestuuraruba.org\/wp-content\/uploads\/2021\/07\/Funcshonamento-parlamentario-sp.mp4<\/a><\/video><\/div>\n<\/div><div class=\"nav fusion-mobile-tab-nav\"><ul class=\"nav-tabs nav-justified\" role=\"tablist\"><li role=\"presentation\"><a class=\"tab-link\" data-toggle=\"tab\" role=\"tab\" aria-controls=\"tab-f72933fae31ffdc75ae\" aria-selected=\"false\" tabindex=\"-1\" id=\"mobile-fusion-tab-pol\u00edticasocioecon\u00f3mica\" href=\"#tab-f72933fae31ffdc75ae\"><h4 class=\"fusion-tab-heading\"><i class=\"fontawesome-icon fa-angle-down fas\" aria-hidden=\"true\" style=\"font-size:16px;\"><\/i>Pol\u00edtica Socioecon\u00f3mica <\/h4><\/a><\/li><\/ul><\/div><div class=\"tab-pane fade fusion-clearfix\" role=\"tabpanel\" tabindex=\"0\" aria-labelledby=\"fusion-tab-pol\u00edticasocioecon\u00f3mica\" id=\"tab-f72933fae31ffdc75ae\">\n<div style=\"width: 1170px;\" class=\"wp-video\"><video class=\"wp-video-shortcode\" id=\"video-5692-5\" width=\"1170\" height=\"658\" preload=\"metadata\" controls=\"controls\"><source type=\"video\/mp4\" src=\"https:\/\/deugdelijkbestuuraruba.org\/wp-content\/uploads\/2021\/07\/Sociaal-economisch-beleid-sp.mp4?_=5\" \/><a href=\"https:\/\/deugdelijkbestuuraruba.org\/wp-content\/uploads\/2021\/07\/Sociaal-economisch-beleid-sp.mp4\">https:\/\/deugdelijkbestuuraruba.org\/wp-content\/uploads\/2021\/07\/Sociaal-economisch-beleid-sp.mp4<\/a><\/video><\/div>\n<\/div><div class=\"nav fusion-mobile-tab-nav\"><ul class=\"nav-tabs nav-justified\" role=\"tablist\"><li role=\"presentation\"><a class=\"tab-link\" data-toggle=\"tab\" role=\"tab\" aria-controls=\"tab-0c40e1d839444a27ec3\" aria-selected=\"false\" tabindex=\"-1\" id=\"mobile-fusion-tab-integridad\" href=\"#tab-0c40e1d839444a27ec3\"><h4 class=\"fusion-tab-heading\"><i class=\"fontawesome-icon fa-angle-down fas\" aria-hidden=\"true\" style=\"font-size:16px;\"><\/i>Integridad<\/h4><\/a><\/li><\/ul><\/div><div class=\"tab-pane fade fusion-clearfix\" role=\"tabpanel\" tabindex=\"0\" aria-labelledby=\"fusion-tab-integridad\" id=\"tab-0c40e1d839444a27ec3\">\n<div style=\"width: 1170px;\" class=\"wp-video\"><video class=\"wp-video-shortcode\" id=\"video-5692-6\" width=\"1170\" height=\"658\" preload=\"metadata\" controls=\"controls\"><source type=\"video\/mp4\" src=\"https:\/\/deugdelijkbestuuraruba.org\/wp-content\/uploads\/2021\/07\/Integridad-sp.mp4?_=6\" \/><a href=\"https:\/\/deugdelijkbestuuraruba.org\/wp-content\/uploads\/2021\/07\/Integridad-sp.mp4\">https:\/\/deugdelijkbestuuraruba.org\/wp-content\/uploads\/2021\/07\/Integridad-sp.mp4<\/a><\/video><\/div>\n<\/div><\/div><\/div><div class=\"fusion-clearfix\"><\/div><\/div><\/div><div class=\"fusion-layout-column fusion_builder_column fusion-builder-column-2 fusion_builder_column_1_1 1_1 fusion-one-full fusion-column-first fusion-column-last fusion-column-no-min-height\" style=\"--awb-bg-size:cover;--awb-margin-bottom:0px;\"><div class=\"fusion-column-wrapper fusion-flex-column-wrapper-legacy\"><div class=\"fusion-text fusion-text-2\"><h2>Del mal al buen gobierno<\/h2>\n<div class=\"video-shortcode\"><iframe width=\"1170\" height=\"658\" src=\"https:\/\/www.youtube.com\/embed\/DxCfTgCnvVI?feature=oembed\" frameborder=\"0\" allow=\"accelerometer; autoplay; encrypted-media; gyroscope; picture-in-picture\" allowfullscreen><\/iframe><\/div>\n<div class=\"fusion-sep-clear\"><\/div><div class=\"fusion-separator fusion-full-width-sep\" style=\"margin-left: auto;margin-right: auto;margin-top:50px;margin-bottom:50px;width:100%;\"><div class=\"fusion-separator-border sep-double\" style=\"--awb-height:20px;--awb-amount:20px;border-color:#e0dede;border-top-width:1px;border-bottom-width:1px;\"><\/div><\/div><div class=\"fusion-sep-clear\"><\/div>\n<ul>\n<li>\n<h2><a href=\"\/?page_id=5795\">Presentacion Symposium: <\/a><br \/>\n<a href=\"\/?page_id=5795\">The road to good governance<\/a><\/h2>\n<\/li>\n<\/ul>\n<div class=\"fusion-sep-clear\"><\/div><div class=\"fusion-separator fusion-full-width-sep\" style=\"margin-left: auto;margin-right: auto;margin-top:50px;margin-bottom:50px;width:100%;\"><div class=\"fusion-separator-border sep-double\" style=\"--awb-height:20px;--awb-amount:20px;border-color:#e0dede;border-top-width:1px;border-bottom-width:1px;\"><\/div><\/div><div class=\"fusion-sep-clear\"><\/div>\n<div class=\"video-shortcode\"><iframe title=\"Webinar: Aruba Post-Corona - A better normal\" width=\"1170\" height=\"658\" src=\"https:\/\/www.youtube.com\/embed\/BTcYCN0Or8M?feature=oembed\" frameborder=\"0\" allow=\"accelerometer; autoplay; clipboard-write; encrypted-media; gyroscope; picture-in-picture\" allowfullscreen><\/iframe><\/div>\n<\/div><div class=\"fusion-clearfix\"><\/div><\/div><\/div><\/div><\/div>\n","protected":false},"excerpt":{"rendered":"","protected":false},"author":1,"featured_media":0,"parent":0,"menu_order":0,"comment_status":"closed","ping_status":"closed","template":"","meta":{"footnotes":""},"class_list":["post-5692","page","type-page","status-publish","hentry"],"yoast_head":"<!-- This site is optimized with the Yoast SEO plugin v26.9 - https:\/\/yoast.com\/product\/yoast-seo-wordpress\/ -->\n<title>Presentaciones - Deugdelijk Bestuur Aruba<\/title>\n<meta name=\"robots\" content=\"index, follow, max-snippet:-1, max-image-preview:large, max-video-preview:-1\" \/>\n<link rel=\"canonical\" href=\"https:\/\/deugdelijkbestuuraruba.org\/presentaties\/\" \/>\n<meta property=\"og:locale\" content=\"es_ES\" \/>\n<meta property=\"og:type\" content=\"article\" \/>\n<meta property=\"og:title\" content=\"Presentaciones - Deugdelijk Bestuur Aruba\" \/>\n<meta property=\"og:url\" content=\"https:\/\/deugdelijkbestuuraruba.org\/presentaties\/\" \/>\n<meta property=\"og:site_name\" content=\"Deugdelijk Bestuur Aruba\" \/>\n<meta property=\"article:modified_time\" content=\"2021-07-16T13:46:43+00:00\" \/>\n<meta name=\"twitter:card\" content=\"summary_large_image\" \/>\n<meta name=\"twitter:label1\" content=\"Tiempo de lectura\" \/>\n\t<meta name=\"twitter:data1\" content=\"5 minutos\" \/>\n<script type=\"application\/ld+json\" class=\"yoast-schema-graph\">{\"@context\":\"https:\/\/schema.org\",\"@graph\":[{\"@type\":\"WebPage\",\"@id\":\"https:\/\/deugdelijkbestuuraruba.org\/presentaties\/\",\"url\":\"https:\/\/deugdelijkbestuuraruba.org\/presentaties\/\",\"name\":\"Presentaciones - Deugdelijk Bestuur Aruba\",\"isPartOf\":{\"@id\":\"https:\/\/deugdelijkbestuuraruba.org\/#website\"},\"datePublished\":\"2016-08-21T20:05:49+00:00\",\"dateModified\":\"2021-07-16T13:46:43+00:00\",\"breadcrumb\":{\"@id\":\"https:\/\/deugdelijkbestuuraruba.org\/presentaties\/#breadcrumb\"},\"inLanguage\":\"es\",\"potentialAction\":[{\"@type\":\"ReadAction\",\"target\":[\"https:\/\/deugdelijkbestuuraruba.org\/presentaties\/\"]}]},{\"@type\":\"BreadcrumbList\",\"@id\":\"https:\/\/deugdelijkbestuuraruba.org\/presentaties\/#breadcrumb\",\"itemListElement\":[{\"@type\":\"ListItem\",\"position\":1,\"name\":\"Home\",\"item\":\"https:\/\/deugdelijkbestuuraruba.org\/es\/\"},{\"@type\":\"ListItem\",\"position\":2,\"name\":\"Presentaciones\"}]},{\"@type\":\"WebSite\",\"@id\":\"https:\/\/deugdelijkbestuuraruba.org\/#website\",\"url\":\"https:\/\/deugdelijkbestuuraruba.org\/\",\"name\":\"Deugdelijk Bestuur Aruba\",\"description\":\"\",\"potentialAction\":[{\"@type\":\"SearchAction\",\"target\":{\"@type\":\"EntryPoint\",\"urlTemplate\":\"https:\/\/deugdelijkbestuuraruba.org\/?s={search_term_string}\"},\"query-input\":{\"@type\":\"PropertyValueSpecification\",\"valueRequired\":true,\"valueName\":\"search_term_string\"}}],\"inLanguage\":\"es\"}]}<\/script>\n<!-- \/ Yoast SEO plugin. -->","yoast_head_json":{"title":"Presentaciones - Deugdelijk Bestuur Aruba","robots":{"index":"index","follow":"follow","max-snippet":"max-snippet:-1","max-image-preview":"max-image-preview:large","max-video-preview":"max-video-preview:-1"},"canonical":"https:\/\/deugdelijkbestuuraruba.org\/presentaties\/","og_locale":"es_ES","og_type":"article","og_title":"Presentaciones - Deugdelijk Bestuur Aruba","og_url":"https:\/\/deugdelijkbestuuraruba.org\/presentaties\/","og_site_name":"Deugdelijk Bestuur Aruba","article_modified_time":"2021-07-16T13:46:43+00:00","twitter_card":"summary_large_image","twitter_misc":{"Tiempo de lectura":"5 minutos"},"schema":{"@context":"https:\/\/schema.org","@graph":[{"@type":"WebPage","@id":"https:\/\/deugdelijkbestuuraruba.org\/presentaties\/","url":"https:\/\/deugdelijkbestuuraruba.org\/presentaties\/","name":"Presentaciones - Deugdelijk Bestuur Aruba","isPartOf":{"@id":"https:\/\/deugdelijkbestuuraruba.org\/#website"},"datePublished":"2016-08-21T20:05:49+00:00","dateModified":"2021-07-16T13:46:43+00:00","breadcrumb":{"@id":"https:\/\/deugdelijkbestuuraruba.org\/presentaties\/#breadcrumb"},"inLanguage":"es","potentialAction":[{"@type":"ReadAction","target":["https:\/\/deugdelijkbestuuraruba.org\/presentaties\/"]}]},{"@type":"BreadcrumbList","@id":"https:\/\/deugdelijkbestuuraruba.org\/presentaties\/#breadcrumb","itemListElement":[{"@type":"ListItem","position":1,"name":"Home","item":"https:\/\/deugdelijkbestuuraruba.org\/es\/"},{"@type":"ListItem","position":2,"name":"Presentaciones"}]},{"@type":"WebSite","@id":"https:\/\/deugdelijkbestuuraruba.org\/#website","url":"https:\/\/deugdelijkbestuuraruba.org\/","name":"Deugdelijk Bestuur Aruba","description":"","potentialAction":[{"@type":"SearchAction","target":{"@type":"EntryPoint","urlTemplate":"https:\/\/deugdelijkbestuuraruba.org\/?s={search_term_string}"},"query-input":{"@type":"PropertyValueSpecification","valueRequired":true,"valueName":"search_term_string"}}],"inLanguage":"es"}]}},"_links":{"self":[{"href":"https:\/\/deugdelijkbestuuraruba.org\/es\/wp-json\/wp\/v2\/pages\/5692","targetHints":{"allow":["GET"]}}],"collection":[{"href":"https:\/\/deugdelijkbestuuraruba.org\/es\/wp-json\/wp\/v2\/pages"}],"about":[{"href":"https:\/\/deugdelijkbestuuraruba.org\/es\/wp-json\/wp\/v2\/types\/page"}],"author":[{"embeddable":true,"href":"https:\/\/deugdelijkbestuuraruba.org\/es\/wp-json\/wp\/v2\/users\/1"}],"replies":[{"embeddable":true,"href":"https:\/\/deugdelijkbestuuraruba.org\/es\/wp-json\/wp\/v2\/comments?post=5692"}],"version-history":[{"count":5,"href":"https:\/\/deugdelijkbestuuraruba.org\/es\/wp-json\/wp\/v2\/pages\/5692\/revisions"}],"predecessor-version":[{"id":7015,"href":"https:\/\/deugdelijkbestuuraruba.org\/es\/wp-json\/wp\/v2\/pages\/5692\/revisions\/7015"}],"wp:attachment":[{"href":"https:\/\/deugdelijkbestuuraruba.org\/es\/wp-json\/wp\/v2\/media?parent=5692"}],"curies":[{"name":"wp","href":"https:\/\/api.w.org\/{rel}","templated":true}]}}