{"id":4402,"date":"2017-11-08T15:41:23","date_gmt":"2017-11-08T15:41:23","guid":{"rendered":"http:\/\/deugdelijkbestuuraruba.org\/?page_id=4402"},"modified":"2019-02-21T07:19:27","modified_gmt":"2019-02-21T07:19:27","slug":"toma-decisiones-intransparentes","status":"publish","type":"page","link":"https:\/\/deugdelijkbestuuraruba.org\/es\/toma-decisiones-intransparentes\/","title":{"rendered":"Toma de decisiones intransparentes"},"content":{"rendered":"<div class=\"fusion-fullwidth fullwidth-box fusion-builder-row-1 nonhundred-percent-fullwidth non-hundred-percent-height-scrolling\" style=\"--awb-background-position:left top;--awb-border-radius-top-left:0px;--awb-border-radius-top-right:0px;--awb-border-radius-bottom-right:0px;--awb-border-radius-bottom-left:0px;--awb-padding-top:20px;--awb-padding-bottom:20px;--awb-border-sizes-top:0px;--awb-border-sizes-bottom:0px;--awb-flex-wrap:wrap;\" ><div class=\"fusion-builder-row fusion-row\"><div class=\"fusion-layout-column fusion_builder_column fusion-builder-column-0 fusion_builder_column_1_4 1_4 fusion-one-fourth fusion-column-first\" style=\"--awb-bg-size:cover;width:22%; margin-right: 4%;\"><div class=\"fusion-column-wrapper fusion-flex-column-wrapper-legacy\"><div class=\"fusion-widget-area awb-widget-area-element fusion-widget-area-1 fusion-content-widget-area\" style=\"--awb-title-size:14px;--awb-title-color:#3b4251;\"><section id=\"nav_menu-7\" class=\"fusion-slidingbar-widget-column widget widget_nav_menu\"><h4 class=\"widget-title\">Caracter\u00edsticas<\/h4><div class=\"menu-caracteristicas-container\"><ul id=\"menu-caracteristicas\" class=\"menu\"><li id=\"menu-item-4434\" class=\"menu-item menu-item-type-post_type menu-item-object-page menu-item-4434\"><a href=\"https:\/\/deugdelijkbestuuraruba.org\/es\/patronaje-politico\/\">Patronaje pol\u00edtico<\/a><\/li>\n<li id=\"menu-item-4433\" class=\"menu-item menu-item-type-post_type menu-item-object-page menu-item-4433\"><a href=\"https:\/\/deugdelijkbestuuraruba.org\/es\/arbitrariedad-eludiendo-la-ley\/\">Arbitrariedad, eludiendo la ley<\/a><\/li>\n<li id=\"menu-item-4432\" class=\"menu-item menu-item-type-post_type menu-item-object-page menu-item-4432\"><a href=\"https:\/\/deugdelijkbestuuraruba.org\/es\/toma-decisiones-intransparentes\/\">Toma de decisiones intransparentes<\/a><\/li>\n<li id=\"menu-item-4431\" class=\"menu-item menu-item-type-post_type menu-item-object-page menu-item-4431\"><a href=\"https:\/\/deugdelijkbestuuraruba.org\/es\/incumplimiento-promesas-y-acuerdos\/\">Incumplimiento de promesas y acuerdos<\/a><\/li>\n<li id=\"menu-item-4430\" class=\"menu-item menu-item-type-post_type menu-item-object-page menu-item-4430\"><a href=\"https:\/\/deugdelijkbestuuraruba.org\/es\/falta-de-transparencia\/\">Falta de transparencia<\/a><\/li>\n<li id=\"menu-item-4429\" class=\"menu-item menu-item-type-post_type menu-item-object-page menu-item-4429\"><a href=\"https:\/\/deugdelijkbestuuraruba.org\/es\/mal-manejo-personal-finanzas-y-material\/\">Mal manejo de personal, finanzas y material<\/a><\/li>\n<li id=\"menu-item-4428\" class=\"menu-item menu-item-type-post_type menu-item-object-page menu-item-4428\"><a href=\"https:\/\/deugdelijkbestuuraruba.org\/es\/obstruccion-control-y-responsabilidad\/\">Obstrucci\u00f3n de control y responsabilidad<\/a><\/li>\n<li id=\"menu-item-4427\" class=\"menu-item menu-item-type-post_type menu-item-object-page menu-item-4427\"><a href=\"https:\/\/deugdelijkbestuuraruba.org\/es\/manejo-deshonesto-yo-corruptivo\/\">Manejo deshonesto y\/o corruptivo<\/a><\/li>\n<li id=\"menu-item-4426\" class=\"menu-item menu-item-type-post_type menu-item-object-page menu-item-4426\"><a href=\"https:\/\/deugdelijkbestuuraruba.org\/es\/uso-ilegitimo-competencias\/\">Uso ileg\u00edtimo de competencias<\/a><\/li>\n<\/ul><\/div><div style=\"clear:both;\"><\/div><\/section><div class=\"fusion-additional-widget-content\"><\/div><\/div><div class=\"fusion-clearfix\"><\/div><\/div><\/div><div class=\"fusion-layout-column fusion_builder_column fusion-builder-column-1 fusion_builder_column_3_4 3_4 fusion-three-fourth fusion-column-last\" style=\"--awb-bg-size:cover;width:74%;\"><div class=\"fusion-column-wrapper fusion-flex-column-wrapper-legacy\"><div class=\"fusion-text fusion-text-1\"><p>La toma de decisi\u00f3n que no es bien motivada y que crea duda si se sigui\u00f3 los procedimientos prescritos.<\/p>\n<p><strong>Por que la toma de decisi\u00f3n intransparente no es aceptable?<\/strong><\/p>\n<p>Un gobierno democr\u00e1tico legitima sus decisiones en la mayor medida posible en base de una aceptaci\u00f3n amplia. Se crea aceptaci\u00f3n mostrando transparencia en el manejo. La falta de transparencia lleva a una desconfianza en las buenas intenciones e integridad de los gobernantes.<\/p>\n<\/div><div class=\"fusion-clearfix\"><\/div><\/div><\/div><\/div><\/div>\n","protected":false},"excerpt":{"rendered":"","protected":false},"author":1,"featured_media":0,"parent":0,"menu_order":0,"comment_status":"closed","ping_status":"closed","template":"","meta":{"footnotes":""},"class_list":["post-4402","page","type-page","status-publish","hentry"],"yoast_head":"<!-- This site is optimized with the Yoast SEO plugin v26.9 - https:\/\/yoast.com\/product\/yoast-seo-wordpress\/ -->\n<title>Toma de decisiones intransparentes - Deugdelijk Bestuur Aruba<\/title>\n<meta name=\"robots\" content=\"index, follow, max-snippet:-1, max-image-preview:large, max-video-preview:-1\" \/>\n<link rel=\"canonical\" href=\"https:\/\/deugdelijkbestuuraruba.org\/niet-inzichtelijke-beslissingsvorming\/\" \/>\n<meta property=\"og:locale\" content=\"es_ES\" \/>\n<meta property=\"og:type\" content=\"article\" \/>\n<meta property=\"og:title\" content=\"Toma de decisiones intransparentes - Deugdelijk Bestuur Aruba\" \/>\n<meta property=\"og:url\" content=\"https:\/\/deugdelijkbestuuraruba.org\/niet-inzichtelijke-beslissingsvorming\/\" \/>\n<meta property=\"og:site_name\" content=\"Deugdelijk Bestuur Aruba\" \/>\n<meta property=\"article:modified_time\" content=\"2019-02-21T07:19:27+00:00\" \/>\n<meta name=\"twitter:card\" content=\"summary_large_image\" \/>\n<meta name=\"twitter:label1\" content=\"Tiempo de lectura\" \/>\n\t<meta name=\"twitter:data1\" content=\"1 minuto\" \/>\n<script type=\"application\/ld+json\" class=\"yoast-schema-graph\">{\"@context\":\"https:\/\/schema.org\",\"@graph\":[{\"@type\":\"WebPage\",\"@id\":\"https:\/\/deugdelijkbestuuraruba.org\/niet-inzichtelijke-beslissingsvorming\/\",\"url\":\"https:\/\/deugdelijkbestuuraruba.org\/niet-inzichtelijke-beslissingsvorming\/\",\"name\":\"Toma de decisiones intransparentes - Deugdelijk Bestuur Aruba\",\"isPartOf\":{\"@id\":\"https:\/\/deugdelijkbestuuraruba.org\/#website\"},\"datePublished\":\"2017-11-08T15:41:23+00:00\",\"dateModified\":\"2019-02-21T07:19:27+00:00\",\"breadcrumb\":{\"@id\":\"https:\/\/deugdelijkbestuuraruba.org\/niet-inzichtelijke-beslissingsvorming\/#breadcrumb\"},\"inLanguage\":\"es\",\"potentialAction\":[{\"@type\":\"ReadAction\",\"target\":[\"https:\/\/deugdelijkbestuuraruba.org\/niet-inzichtelijke-beslissingsvorming\/\"]}]},{\"@type\":\"BreadcrumbList\",\"@id\":\"https:\/\/deugdelijkbestuuraruba.org\/niet-inzichtelijke-beslissingsvorming\/#breadcrumb\",\"itemListElement\":[{\"@type\":\"ListItem\",\"position\":1,\"name\":\"Home\",\"item\":\"https:\/\/deugdelijkbestuuraruba.org\/es\/\"},{\"@type\":\"ListItem\",\"position\":2,\"name\":\"Toma de decisiones intransparentes\"}]},{\"@type\":\"WebSite\",\"@id\":\"https:\/\/deugdelijkbestuuraruba.org\/#website\",\"url\":\"https:\/\/deugdelijkbestuuraruba.org\/\",\"name\":\"Deugdelijk Bestuur Aruba\",\"description\":\"\",\"potentialAction\":[{\"@type\":\"SearchAction\",\"target\":{\"@type\":\"EntryPoint\",\"urlTemplate\":\"https:\/\/deugdelijkbestuuraruba.org\/?s={search_term_string}\"},\"query-input\":{\"@type\":\"PropertyValueSpecification\",\"valueRequired\":true,\"valueName\":\"search_term_string\"}}],\"inLanguage\":\"es\"}]}<\/script>\n<!-- \/ Yoast SEO plugin. -->","yoast_head_json":{"title":"Toma de decisiones intransparentes - Deugdelijk Bestuur Aruba","robots":{"index":"index","follow":"follow","max-snippet":"max-snippet:-1","max-image-preview":"max-image-preview:large","max-video-preview":"max-video-preview:-1"},"canonical":"https:\/\/deugdelijkbestuuraruba.org\/niet-inzichtelijke-beslissingsvorming\/","og_locale":"es_ES","og_type":"article","og_title":"Toma de decisiones intransparentes - Deugdelijk Bestuur Aruba","og_url":"https:\/\/deugdelijkbestuuraruba.org\/niet-inzichtelijke-beslissingsvorming\/","og_site_name":"Deugdelijk Bestuur Aruba","article_modified_time":"2019-02-21T07:19:27+00:00","twitter_card":"summary_large_image","twitter_misc":{"Tiempo de lectura":"1 minuto"},"schema":{"@context":"https:\/\/schema.org","@graph":[{"@type":"WebPage","@id":"https:\/\/deugdelijkbestuuraruba.org\/niet-inzichtelijke-beslissingsvorming\/","url":"https:\/\/deugdelijkbestuuraruba.org\/niet-inzichtelijke-beslissingsvorming\/","name":"Toma de decisiones intransparentes - Deugdelijk Bestuur Aruba","isPartOf":{"@id":"https:\/\/deugdelijkbestuuraruba.org\/#website"},"datePublished":"2017-11-08T15:41:23+00:00","dateModified":"2019-02-21T07:19:27+00:00","breadcrumb":{"@id":"https:\/\/deugdelijkbestuuraruba.org\/niet-inzichtelijke-beslissingsvorming\/#breadcrumb"},"inLanguage":"es","potentialAction":[{"@type":"ReadAction","target":["https:\/\/deugdelijkbestuuraruba.org\/niet-inzichtelijke-beslissingsvorming\/"]}]},{"@type":"BreadcrumbList","@id":"https:\/\/deugdelijkbestuuraruba.org\/niet-inzichtelijke-beslissingsvorming\/#breadcrumb","itemListElement":[{"@type":"ListItem","position":1,"name":"Home","item":"https:\/\/deugdelijkbestuuraruba.org\/es\/"},{"@type":"ListItem","position":2,"name":"Toma de decisiones intransparentes"}]},{"@type":"WebSite","@id":"https:\/\/deugdelijkbestuuraruba.org\/#website","url":"https:\/\/deugdelijkbestuuraruba.org\/","name":"Deugdelijk Bestuur Aruba","description":"","potentialAction":[{"@type":"SearchAction","target":{"@type":"EntryPoint","urlTemplate":"https:\/\/deugdelijkbestuuraruba.org\/?s={search_term_string}"},"query-input":{"@type":"PropertyValueSpecification","valueRequired":true,"valueName":"search_term_string"}}],"inLanguage":"es"}]}},"_links":{"self":[{"href":"https:\/\/deugdelijkbestuuraruba.org\/es\/wp-json\/wp\/v2\/pages\/4402","targetHints":{"allow":["GET"]}}],"collection":[{"href":"https:\/\/deugdelijkbestuuraruba.org\/es\/wp-json\/wp\/v2\/pages"}],"about":[{"href":"https:\/\/deugdelijkbestuuraruba.org\/es\/wp-json\/wp\/v2\/types\/page"}],"author":[{"embeddable":true,"href":"https:\/\/deugdelijkbestuuraruba.org\/es\/wp-json\/wp\/v2\/users\/1"}],"replies":[{"embeddable":true,"href":"https:\/\/deugdelijkbestuuraruba.org\/es\/wp-json\/wp\/v2\/comments?post=4402"}],"version-history":[{"count":4,"href":"https:\/\/deugdelijkbestuuraruba.org\/es\/wp-json\/wp\/v2\/pages\/4402\/revisions"}],"predecessor-version":[{"id":5342,"href":"https:\/\/deugdelijkbestuuraruba.org\/es\/wp-json\/wp\/v2\/pages\/4402\/revisions\/5342"}],"wp:attachment":[{"href":"https:\/\/deugdelijkbestuuraruba.org\/es\/wp-json\/wp\/v2\/media?parent=4402"}],"curies":[{"name":"wp","href":"https:\/\/api.w.org\/{rel}","templated":true}]}}