{"id":4396,"date":"2017-11-07T14:26:52","date_gmt":"2017-11-07T14:26:52","guid":{"rendered":"http:\/\/deugdelijkbestuuraruba.org\/?page_id=4396"},"modified":"2019-02-21T07:19:28","modified_gmt":"2019-02-21T07:19:28","slug":"patronaje-politico","status":"publish","type":"page","link":"https:\/\/deugdelijkbestuuraruba.org\/es\/patronaje-politico\/","title":{"rendered":"Patronaje pol\u00edtico"},"content":{"rendered":"<div class=\"fusion-fullwidth fullwidth-box fusion-builder-row-1 nonhundred-percent-fullwidth non-hundred-percent-height-scrolling\" style=\"--awb-background-position:left top;--awb-border-radius-top-left:0px;--awb-border-radius-top-right:0px;--awb-border-radius-bottom-right:0px;--awb-border-radius-bottom-left:0px;--awb-padding-top:20px;--awb-padding-bottom:20px;--awb-border-sizes-top:0px;--awb-border-sizes-bottom:0px;--awb-flex-wrap:wrap;\" ><div class=\"fusion-builder-row fusion-row\"><div class=\"fusion-layout-column fusion_builder_column fusion-builder-column-0 fusion_builder_column_1_4 1_4 fusion-one-fourth fusion-column-first\" style=\"--awb-bg-size:cover;width:22%; margin-right: 4%;\"><div class=\"fusion-column-wrapper fusion-flex-column-wrapper-legacy\"><div class=\"fusion-widget-area awb-widget-area-element fusion-widget-area-1 fusion-content-widget-area\" style=\"--awb-title-size:14px;--awb-title-color:#3b4251;\"><section id=\"nav_menu-7\" class=\"fusion-slidingbar-widget-column widget widget_nav_menu\"><h4 class=\"widget-title\">Caracter\u00edsticas<\/h4><div class=\"menu-caracteristicas-container\"><ul id=\"menu-caracteristicas\" class=\"menu\"><li id=\"menu-item-4434\" class=\"menu-item menu-item-type-post_type menu-item-object-page menu-item-4434\"><a href=\"https:\/\/deugdelijkbestuuraruba.org\/es\/patronaje-politico\/\">Patronaje pol\u00edtico<\/a><\/li>\n<li id=\"menu-item-4433\" class=\"menu-item menu-item-type-post_type menu-item-object-page menu-item-4433\"><a href=\"https:\/\/deugdelijkbestuuraruba.org\/es\/arbitrariedad-eludiendo-la-ley\/\">Arbitrariedad, eludiendo la ley<\/a><\/li>\n<li id=\"menu-item-4432\" class=\"menu-item menu-item-type-post_type menu-item-object-page menu-item-4432\"><a href=\"https:\/\/deugdelijkbestuuraruba.org\/es\/toma-decisiones-intransparentes\/\">Toma de decisiones intransparentes<\/a><\/li>\n<li id=\"menu-item-4431\" class=\"menu-item menu-item-type-post_type menu-item-object-page menu-item-4431\"><a href=\"https:\/\/deugdelijkbestuuraruba.org\/es\/incumplimiento-promesas-y-acuerdos\/\">Incumplimiento de promesas y acuerdos<\/a><\/li>\n<li id=\"menu-item-4430\" class=\"menu-item menu-item-type-post_type menu-item-object-page menu-item-4430\"><a href=\"https:\/\/deugdelijkbestuuraruba.org\/es\/falta-de-transparencia\/\">Falta de transparencia<\/a><\/li>\n<li id=\"menu-item-4429\" class=\"menu-item menu-item-type-post_type menu-item-object-page menu-item-4429\"><a href=\"https:\/\/deugdelijkbestuuraruba.org\/es\/mal-manejo-personal-finanzas-y-material\/\">Mal manejo de personal, finanzas y material<\/a><\/li>\n<li id=\"menu-item-4428\" class=\"menu-item menu-item-type-post_type menu-item-object-page menu-item-4428\"><a href=\"https:\/\/deugdelijkbestuuraruba.org\/es\/obstruccion-control-y-responsabilidad\/\">Obstrucci\u00f3n de control y responsabilidad<\/a><\/li>\n<li id=\"menu-item-4427\" class=\"menu-item menu-item-type-post_type menu-item-object-page menu-item-4427\"><a href=\"https:\/\/deugdelijkbestuuraruba.org\/es\/manejo-deshonesto-yo-corruptivo\/\">Manejo deshonesto y\/o corruptivo<\/a><\/li>\n<li id=\"menu-item-4426\" class=\"menu-item menu-item-type-post_type menu-item-object-page menu-item-4426\"><a href=\"https:\/\/deugdelijkbestuuraruba.org\/es\/uso-ilegitimo-competencias\/\">Uso ileg\u00edtimo de competencias<\/a><\/li>\n<\/ul><\/div><div style=\"clear:both;\"><\/div><\/section><div class=\"fusion-additional-widget-content\"><\/div><\/div><div class=\"fusion-clearfix\"><\/div><\/div><\/div><div class=\"fusion-layout-column fusion_builder_column fusion-builder-column-1 fusion_builder_column_3_4 3_4 fusion-three-fourth fusion-column-last\" style=\"--awb-bg-size:cover;width:74%;\"><div class=\"fusion-column-wrapper fusion-flex-column-wrapper-legacy\"><div class=\"fusion-text fusion-text-1\"><p><strong>Patronaje pol\u00edtico<\/strong> es la relaci\u00f3n en donde el pol\u00edtico o partido pol\u00edtico otorga favores (p. ej. Un nombramiento en el servicio del gobierno, un terreno, un permiso, etc.) a un \u2018cliente\u2019 a cambio de su voto durante las elecciones, otro servicio o lealtad. El sin\u00f3nimo popular de patronaje pol\u00edtico es favoritismo.<\/p>\n<p>Bajo patronaje pol\u00edtico cae <strong>Nepotismo<\/strong>, que quiere decir el favorecimiento de familiares o amigos por las autoridades, por ejemplo otorg\u00e1ndoles cargos altos o concederles trabajos.<\/p>\n<p><strong>Porque el patronaje pol\u00edtico (y el nepotismo) no son aceptables?<\/strong><\/p>\n<p>El sistema de patronaje tiene una muy mala influencia sobre la calidad de la administraci\u00f3n y en cierto sentido tambi\u00e9n en la mentalidad de las personas, que al final no ven la relaci\u00f3n entre dedicaci\u00f3n propia y progreso personal.<\/p>\n<p><strong>Nepotismo<\/strong> forma una infracci\u00f3n grande sobre la constituci\u00f3n principal (art\u00edculo 1.1 de la constituci\u00f3n) de Aruba. Dice que \u201ctodos que se encuentran en Aruba, en casos iguales tienen que ser tratados de una manera igualitaria. La discriminaci\u00f3n seg\u00fan religi\u00f3n, ideolog\u00eda, tendencia pol\u00edtica, rasa, g\u00e9nero, color, idioma, origen nacional o social, el pertenecer a una minor\u00eda nacional, capital, nacimiento, o por cualquier motivo no est\u00e1 permitido.\u201d Los nombramientos pol\u00edticos de amigos incompetentes en cargos ejecutivos adem\u00e1s debilitan la calidad de los aparatos gubernamentales y la motivaci\u00f3n de los colegas.<\/p>\n<p><strong>Porque patronaje pol\u00edtico es tan da\u00f1ino para el pa\u00eds?<\/strong><\/p>\n<p>En principio el pol\u00edtico o partido pol\u00edtico que adquiere el sost\u00e9n no \u2018pagan\u2019 ellos mismos por las personas en cuesti\u00f3n. Ellos hacen uso de las fuentes financieras y materiales del pa\u00eds (y de los dem\u00e1s ciudadanos y del sector comercial que paga impuestos) para poder recompensar a los beneficiados. Se trata de funciones en el gobierno, terreno del pa\u00eds Aruba, otorgamiento de permisos o asignaci\u00f3n comercial que toma lugar por fuera de la ley existente o de la estipulaci\u00f3n del precio normal. La gran cantidad de nombramientos y promociones pol\u00edticas durante d\u00e9cadas conduce a una p\u00e9rdida financiera enorme y consecuentemente tiene efectos negativos para la econom\u00eda.<\/p>\n<\/div><div class=\"fusion-clearfix\"><\/div><\/div><\/div><\/div><\/div>\n","protected":false},"excerpt":{"rendered":"","protected":false},"author":1,"featured_media":0,"parent":0,"menu_order":0,"comment_status":"closed","ping_status":"closed","template":"","meta":{"footnotes":""},"class_list":["post-4396","page","type-page","status-publish","hentry"],"yoast_head":"<!-- This site is optimized with the Yoast SEO plugin v26.9 - https:\/\/yoast.com\/product\/yoast-seo-wordpress\/ -->\n<title>Patronaje pol\u00edtico - Deugdelijk Bestuur Aruba<\/title>\n<meta name=\"robots\" content=\"index, follow, max-snippet:-1, max-image-preview:large, max-video-preview:-1\" \/>\n<link rel=\"canonical\" href=\"https:\/\/deugdelijkbestuuraruba.org\/politieke-patronage\/\" \/>\n<meta property=\"og:locale\" content=\"es_ES\" \/>\n<meta property=\"og:type\" content=\"article\" \/>\n<meta property=\"og:title\" content=\"Patronaje pol\u00edtico - Deugdelijk Bestuur Aruba\" \/>\n<meta property=\"og:url\" content=\"https:\/\/deugdelijkbestuuraruba.org\/politieke-patronage\/\" \/>\n<meta property=\"og:site_name\" content=\"Deugdelijk Bestuur Aruba\" \/>\n<meta property=\"article:modified_time\" content=\"2019-02-21T07:19:28+00:00\" \/>\n<meta name=\"twitter:card\" content=\"summary_large_image\" \/>\n<meta name=\"twitter:label1\" content=\"Tiempo de lectura\" \/>\n\t<meta name=\"twitter:data1\" content=\"3 minutos\" \/>\n<script type=\"application\/ld+json\" class=\"yoast-schema-graph\">{\"@context\":\"https:\/\/schema.org\",\"@graph\":[{\"@type\":\"WebPage\",\"@id\":\"https:\/\/deugdelijkbestuuraruba.org\/politieke-patronage\/\",\"url\":\"https:\/\/deugdelijkbestuuraruba.org\/politieke-patronage\/\",\"name\":\"Patronaje pol\u00edtico - Deugdelijk Bestuur Aruba\",\"isPartOf\":{\"@id\":\"https:\/\/deugdelijkbestuuraruba.org\/#website\"},\"datePublished\":\"2017-11-07T14:26:52+00:00\",\"dateModified\":\"2019-02-21T07:19:28+00:00\",\"breadcrumb\":{\"@id\":\"https:\/\/deugdelijkbestuuraruba.org\/politieke-patronage\/#breadcrumb\"},\"inLanguage\":\"es\",\"potentialAction\":[{\"@type\":\"ReadAction\",\"target\":[\"https:\/\/deugdelijkbestuuraruba.org\/politieke-patronage\/\"]}]},{\"@type\":\"BreadcrumbList\",\"@id\":\"https:\/\/deugdelijkbestuuraruba.org\/politieke-patronage\/#breadcrumb\",\"itemListElement\":[{\"@type\":\"ListItem\",\"position\":1,\"name\":\"Home\",\"item\":\"https:\/\/deugdelijkbestuuraruba.org\/es\/\"},{\"@type\":\"ListItem\",\"position\":2,\"name\":\"Patronaje pol\u00edtico\"}]},{\"@type\":\"WebSite\",\"@id\":\"https:\/\/deugdelijkbestuuraruba.org\/#website\",\"url\":\"https:\/\/deugdelijkbestuuraruba.org\/\",\"name\":\"Deugdelijk Bestuur Aruba\",\"description\":\"\",\"potentialAction\":[{\"@type\":\"SearchAction\",\"target\":{\"@type\":\"EntryPoint\",\"urlTemplate\":\"https:\/\/deugdelijkbestuuraruba.org\/?s={search_term_string}\"},\"query-input\":{\"@type\":\"PropertyValueSpecification\",\"valueRequired\":true,\"valueName\":\"search_term_string\"}}],\"inLanguage\":\"es\"}]}<\/script>\n<!-- \/ Yoast SEO plugin. -->","yoast_head_json":{"title":"Patronaje pol\u00edtico - Deugdelijk Bestuur Aruba","robots":{"index":"index","follow":"follow","max-snippet":"max-snippet:-1","max-image-preview":"max-image-preview:large","max-video-preview":"max-video-preview:-1"},"canonical":"https:\/\/deugdelijkbestuuraruba.org\/politieke-patronage\/","og_locale":"es_ES","og_type":"article","og_title":"Patronaje pol\u00edtico - Deugdelijk Bestuur Aruba","og_url":"https:\/\/deugdelijkbestuuraruba.org\/politieke-patronage\/","og_site_name":"Deugdelijk Bestuur Aruba","article_modified_time":"2019-02-21T07:19:28+00:00","twitter_card":"summary_large_image","twitter_misc":{"Tiempo de lectura":"3 minutos"},"schema":{"@context":"https:\/\/schema.org","@graph":[{"@type":"WebPage","@id":"https:\/\/deugdelijkbestuuraruba.org\/politieke-patronage\/","url":"https:\/\/deugdelijkbestuuraruba.org\/politieke-patronage\/","name":"Patronaje pol\u00edtico - Deugdelijk Bestuur Aruba","isPartOf":{"@id":"https:\/\/deugdelijkbestuuraruba.org\/#website"},"datePublished":"2017-11-07T14:26:52+00:00","dateModified":"2019-02-21T07:19:28+00:00","breadcrumb":{"@id":"https:\/\/deugdelijkbestuuraruba.org\/politieke-patronage\/#breadcrumb"},"inLanguage":"es","potentialAction":[{"@type":"ReadAction","target":["https:\/\/deugdelijkbestuuraruba.org\/politieke-patronage\/"]}]},{"@type":"BreadcrumbList","@id":"https:\/\/deugdelijkbestuuraruba.org\/politieke-patronage\/#breadcrumb","itemListElement":[{"@type":"ListItem","position":1,"name":"Home","item":"https:\/\/deugdelijkbestuuraruba.org\/es\/"},{"@type":"ListItem","position":2,"name":"Patronaje pol\u00edtico"}]},{"@type":"WebSite","@id":"https:\/\/deugdelijkbestuuraruba.org\/#website","url":"https:\/\/deugdelijkbestuuraruba.org\/","name":"Deugdelijk Bestuur Aruba","description":"","potentialAction":[{"@type":"SearchAction","target":{"@type":"EntryPoint","urlTemplate":"https:\/\/deugdelijkbestuuraruba.org\/?s={search_term_string}"},"query-input":{"@type":"PropertyValueSpecification","valueRequired":true,"valueName":"search_term_string"}}],"inLanguage":"es"}]}},"_links":{"self":[{"href":"https:\/\/deugdelijkbestuuraruba.org\/es\/wp-json\/wp\/v2\/pages\/4396","targetHints":{"allow":["GET"]}}],"collection":[{"href":"https:\/\/deugdelijkbestuuraruba.org\/es\/wp-json\/wp\/v2\/pages"}],"about":[{"href":"https:\/\/deugdelijkbestuuraruba.org\/es\/wp-json\/wp\/v2\/types\/page"}],"author":[{"embeddable":true,"href":"https:\/\/deugdelijkbestuuraruba.org\/es\/wp-json\/wp\/v2\/users\/1"}],"replies":[{"embeddable":true,"href":"https:\/\/deugdelijkbestuuraruba.org\/es\/wp-json\/wp\/v2\/comments?post=4396"}],"version-history":[{"count":4,"href":"https:\/\/deugdelijkbestuuraruba.org\/es\/wp-json\/wp\/v2\/pages\/4396\/revisions"}],"predecessor-version":[{"id":5344,"href":"https:\/\/deugdelijkbestuuraruba.org\/es\/wp-json\/wp\/v2\/pages\/4396\/revisions\/5344"}],"wp:attachment":[{"href":"https:\/\/deugdelijkbestuuraruba.org\/es\/wp-json\/wp\/v2\/media?parent=4396"}],"curies":[{"name":"wp","href":"https:\/\/api.w.org\/{rel}","templated":true}]}}