{"id":3564,"date":"2017-02-03T15:20:15","date_gmt":"2017-02-03T15:20:15","guid":{"rendered":"http:\/\/deugdelijkbestuuraruba.org\/?page_id=3564\/"},"modified":"2019-02-21T14:57:48","modified_gmt":"2019-02-21T14:57:48","slug":"noticias","status":"publish","type":"page","link":"https:\/\/deugdelijkbestuuraruba.org\/es\/noticias\/","title":{"rendered":"Noticias"},"content":{"rendered":"<div class=\"fusion-fullwidth fullwidth-box fusion-builder-row-1 nonhundred-percent-fullwidth non-hundred-percent-height-scrolling\" style=\"--awb-background-position:left top;--awb-border-radius-top-left:0px;--awb-border-radius-top-right:0px;--awb-border-radius-bottom-right:0px;--awb-border-radius-bottom-left:0px;--awb-padding-top:50px;--awb-padding-bottom:10px;--awb-background-color:#ffffff;--awb-border-sizes-top:0px;--awb-border-sizes-bottom:0px;--awb-flex-wrap:wrap;\" ><div class=\"fusion-builder-row fusion-row\"><div class=\"fusion-layout-column fusion_builder_column fusion-builder-column-0 fusion_builder_column_1_1 1_1 fusion-one-full fusion-column-first fusion-column-last fusion-column-no-min-height\" style=\"--awb-bg-size:cover;--awb-margin-bottom:0px;\"><div class=\"fusion-column-wrapper fusion-flex-column-wrapper-legacy\"><div class=\"fusion-title title fusion-title-1 fusion-title-center fusion-title-text fusion-title-size-two\"><div class=\"title-sep-container title-sep-container-left\"><div class=\"title-sep sep-single sep-solid\" style=\"border-color:#e0dede;\"><\/div><\/div><span class=\"awb-title-spacer\"><\/span><h2 class=\"fusion-title-heading title-heading-center\" style=\"margin:0;\">Laatste nieuws<\/h2><span class=\"awb-title-spacer\"><\/span><div class=\"title-sep-container title-sep-container-right\"><div class=\"title-sep sep-single sep-solid\" style=\"border-color:#e0dede;\"><\/div><\/div><\/div><div class=\"fusion-clearfix\"><\/div><\/div><\/div><div class=\"fusion-layout-column fusion_builder_column fusion-builder-column-1 fusion_builder_column_1_1 1_1 fusion-one-full fusion-column-first fusion-column-last fusion-column-no-min-height\" style=\"--awb-bg-size:cover;--awb-margin-bottom:0px;\"><div class=\"fusion-column-wrapper fusion-flex-column-wrapper-legacy\"><div class=\"fusion-recent-posts fusion-recent-posts-1 avada-container layout-default layout-columns-1\"><section class=\"fusion-columns columns fusion-columns-1 columns-1\"><article class=\"post fusion-column column col col-lg-12 col-md-12 col-sm-12\"><div class=\"recent-posts-content\"><span class=\"vcard\" style=\"display: none;\"><span class=\"fn\"><a href=\"https:\/\/deugdelijkbestuuraruba.org\/es\/author\/deugdelijk-bestuur-aruba\/\" title=\"Entradas de Deugdelijk Bestuur Aruba\" rel=\"author\">Deugdelijk Bestuur Aruba<\/a><\/span><\/span><span class=\"updated\" style=\"display:none;\">2021-06-18T09:01:57+00:00<\/span><h4 class=\"entry-title\"><a href=\"https:\/\/deugdelijkbestuuraruba.org\/es\/het-totaalbeeld\/\">La imagen total<\/a><\/h4><p class=\"meta\"><span class=\"vcard\" style=\"display: none;\"><span class=\"fn\"><a href=\"https:\/\/deugdelijkbestuuraruba.org\/es\/author\/deugdelijk-bestuur-aruba\/\" title=\"Entradas de Deugdelijk Bestuur Aruba\" rel=\"author\">Deugdelijk Bestuur Aruba<\/a><\/span><\/span><span class=\"updated\" style=\"display:none;\">2021-06-18T09:01:57+00:00<\/span><span>junio 18th, 2021<\/span><span class=\"fusion-inline-sep\">|<\/span><span class=\"fusion-comments\"><span>Comentarios desactivados<span class=\"screen-reader-text\"> en La imagen total<\/span><\/span><\/span><\/p><p>DDesde principios de la d\u00e9cada de los noventa del siglo pasado, los dos partidos pol\u00edticos m\u00e1s importantes, que eran alternativamente responsables de la gobernaci\u00f3n de Aruba, se dedicaban a la pol\u00edtica y\/o realizaban la administraci\u00f3n de tal manera que se violaban estructuralmente los criterios de buena gobernaci\u00f3n. Esto inclu\u00eda las siguientes caracter\u00edsticas: Violaci\u00f3n estructural de leyes (por ejemplo, de la Constituci\u00f3n y Ley de Comptabilidad) Ignorar estructuralmente los criterios de buena gobernaci\u00f3n (por ejemplo, transparencia) Descuido estructural de advertencias \/ recomendaciones (por ejemplo, del Conseho Consultativo, Auditor\u00eda Estatal, Conseho Social Economico, C\u00e1mara de Comercio, Banco Central, Fondo Monetaria Internacional) Gesti\u00f3n [...]<\/p><\/div><\/article><\/section><\/div><div class=\"fusion-clearfix\"><\/div><\/div><\/div><\/div><\/div><div class=\"fusion-fullwidth fullwidth-box fusion-builder-row-2 nonhundred-percent-fullwidth non-hundred-percent-height-scrolling\" style=\"--awb-background-position:left top;--awb-border-radius-top-left:0px;--awb-border-radius-top-right:0px;--awb-border-radius-bottom-right:0px;--awb-border-radius-bottom-left:0px;--awb-padding-top:20px;--awb-padding-bottom:20px;--awb-border-sizes-top:0px;--awb-border-sizes-bottom:0px;--awb-flex-wrap:wrap;\" ><div class=\"fusion-builder-row fusion-row\"><div class=\"fusion-layout-column fusion_builder_column fusion-builder-column-2 fusion_builder_column_1_1 1_1 fusion-one-full fusion-column-first fusion-column-last fusion-column-no-min-height\" style=\"--awb-bg-size:cover;--awb-margin-bottom:0px;\"><div class=\"fusion-column-wrapper fusion-flex-column-wrapper-legacy\"><div class=\"fusion-title title fusion-title-2 fusion-title-center fusion-title-text fusion-title-size-three\"><div class=\"title-sep-container title-sep-container-left\"><div class=\"title-sep sep-single sep-solid\" style=\"border-color:#e0dede;\"><\/div><\/div><span class=\"awb-title-spacer\"><\/span><h3 class=\"fusion-title-heading title-heading-center\" style=\"margin:0;\">Artikelen<\/h3><span class=\"awb-title-spacer\"><\/span><div class=\"title-sep-container title-sep-container-right\"><div class=\"title-sep sep-single sep-solid\" style=\"border-color:#e0dede;\"><\/div><\/div><\/div><div class=\"fusion-text fusion-text-1\"><div>\n<table style=\"height: 652px;\" width=\"1336\">\n<thead>\n<tr>\n<th align=\"left\">DATUM<\/th>\n<th style=\"padding-left: 30px;\" align=\"left\">TITEL<\/th>\n<th style=\"padding-left: 30px;\" align=\"left\">THEMA<\/th>\n<\/tr>\n<\/thead>\n<tbody>\n<tr>\n<td>17-08-2016<\/td>\n<td style=\"padding-left: 30px;\"><a href=\"http:\/\/deugdelijkbestuuraruba.org\/2016\/08\/17\/de-vergeten-erfenis-van-mito-croes\/\">De vergeten erfenis van Mito Croes<\/a><\/td>\n<td style=\"padding-left: 30px;\">De zeer bejubelde Mito Croes overlijdt, maar men doet niets met zijn belangrijkste aanbevelingen<\/td>\n<\/tr>\n<tr>\n<td>23-09-2016<\/td>\n<td style=\"padding-left: 30px;\"><a href=\"http:\/\/deugdelijkbestuuraruba.org\/2016\/09\/23\/goede-voornemens\/\">Goede voornemens\u2026<\/a><\/td>\n<td style=\"padding-left: 30px;\">Het Statenjaar is begonnen met goede voornemens, maar gelden die ook voor de oude aanbevelingen tbv deugdelijk bestuur?<\/td>\n<\/tr>\n<tr>\n<td>29-09-2016<\/td>\n<td style=\"padding-left: 30px;\"><a href=\"http:\/\/deugdelijkbestuuraruba.org\/2016\/09\/29\/de-noodzaak-van-deugdelijk-bestuur-in-aruba\/\">De noodzaak van deugdelijk bestuur in Aruba<\/a><\/td>\n<td style=\"padding-left: 30px;\">Wat zijn de kenmerken van het bestuur in Aruba en waarom kan het zo niet langer?<\/td>\n<\/tr>\n<tr>\n<td>07-10-2016<\/td>\n<td style=\"padding-left: 30px;\"><a href=\"http:\/\/deugdelijkbestuuraruba.org\/2016\/10\/07\/politieke-patronage-in-het-personeelsbeleid\/\">Politieke patronage in het personeelsbeleid<\/a><\/td>\n<td style=\"padding-left: 30px;\">Een beperkte analyse van het personeelsprobleem, gevolgen van het personeelsbeleid en de noodzaak van verandering<\/td>\n<\/tr>\n<tr>\n<td>14\/5-10-2016<\/td>\n<td style=\"padding-left: 30px;\"><a href=\"http:\/\/deugdelijkbestuuraruba.org\/2016\/10\/15\/over-sprookjes-1\/\">Sprookjes\u2026<\/a><\/td>\n<td style=\"padding-left: 30px;\">De regering geeft een rooskleurig beeld van de toekomst, maar financi\u00eble experts geven een heel ander beeld<\/td>\n<\/tr>\n<tr>\n<td>22-10-2016<\/td>\n<td style=\"padding-left: 30px;\"><a href=\"http:\/\/deugdelijkbestuuraruba.org\/2016\/10\/22\/koekje-van-eigen-deeg\/\">Koekje van eigen deeg<\/a><\/td>\n<td style=\"padding-left: 30px;\">De Arubaanse regering\u00a0beticht de Nederlandse regering afspraken te hebben geschonden, maar de pot verwijt de ketel&#8230;<\/td>\n<\/tr>\n<tr>\n<td>29-10-2016<\/td>\n<td style=\"padding-left: 30px;\"><a href=\"http:\/\/deugdelijkbestuuraruba.org\/2016\/10\/29\/gaat-eigenlijk-om\/\">Waar gaat het eigenlijk om<\/a><\/td>\n<td style=\"padding-left: 30px;\">Gaat het conflict om de benoeming van de nieuwe Gouverneur wel om de gevolgde procedure of zit er meer achter?<\/td>\n<\/tr>\n<tr>\n<td>05-11-2016<\/td>\n<td style=\"padding-left: 30px;\"><a href=\"http:\/\/deugdelijkbestuuraruba.org\/2016\/11\/05\/partijfinanciering-feit-en-fictie\/\">Partijfinanciering. Feit en Fictie<\/a><\/td>\n<td style=\"padding-left: 30px;\">Bijdragen voor de campagnekas worden angstvallig geheim gehouden. Kan men nog langer de handen wassen in \u2018onschuld\u2019?<\/td>\n<\/tr>\n<tr>\n<td>12-11-2016<\/td>\n<td style=\"padding-left: 30px;\"><a href=\"http:\/\/deugdelijkbestuuraruba.org\/2016\/11\/12\/poppenkast\/\">Poppenkast<\/a><\/td>\n<td style=\"padding-left: 30px;\">Begrotingsbehandelingen zijn een grote poppenkast. De Raad van Advies wordt niet serieus genomen, noch de Algemene Rekenkamer. Een en al schijn van zorgzaamheid.<\/td>\n<\/tr>\n<tr>\n<td>19-11-2016<\/td>\n<td style=\"padding-left: 30px;\"><a href=\"http:\/\/deugdelijkbestuuraruba.org\/2016\/11\/19\/zoete-broodjes\/\">Zoete broodjes<\/a><\/td>\n<td style=\"padding-left: 30px;\">De nieuwe gevolmachtigde minister bekritiseerde de Arubaanse premier maar wordt toch benoemd. Nieuw beleid?<\/td>\n<\/tr>\n<tr>\n<td>26-11-2016<\/td>\n<td style=\"padding-left: 30px;\"><a href=\"http:\/\/deugdelijkbestuuraruba.org\/2016\/11\/26\/aap-uit-de-mouw\/\">Aap uit de mouw<\/a><\/td>\n<td style=\"padding-left: 30px;\">Een goede boekhouding bepaalt het succes van een land. Een deficient financieel beheer wijst op corruptie. Hoe zit dat nou in Aruba?<\/td>\n<\/tr>\n<\/tbody>\n<\/table>\n<\/div>\n<\/div><div class=\"fusion-clearfix\"><\/div><\/div><\/div><\/div><\/div><div class=\"fusion-fullwidth fullwidth-box fusion-builder-row-3 nonhundred-percent-fullwidth non-hundred-percent-height-scrolling\" style=\"--awb-background-position:left top;--awb-border-radius-top-left:0px;--awb-border-radius-top-right:0px;--awb-border-radius-bottom-right:0px;--awb-border-radius-bottom-left:0px;--awb-padding-top:20px;--awb-padding-bottom:20px;--awb-border-sizes-top:0px;--awb-border-sizes-bottom:0px;--awb-flex-wrap:wrap;\" ><div class=\"fusion-builder-row fusion-row\"><div class=\"fusion-layout-column fusion_builder_column fusion-builder-column-3 fusion_builder_column_1_1 1_1 fusion-one-full fusion-column-first fusion-column-last fusion-column-no-min-height\" style=\"--awb-bg-size:cover;--awb-margin-bottom:0px;\"><div class=\"fusion-column-wrapper fusion-flex-column-wrapper-legacy\"><div class=\"fusion-title title fusion-title-3 fusion-title-center fusion-title-text fusion-title-size-three\"><div class=\"title-sep-container title-sep-container-left\"><div class=\"title-sep sep-single sep-solid\" style=\"border-color:#e0dede;\"><\/div><\/div><span class=\"awb-title-spacer\"><\/span><h3 class=\"fusion-title-heading title-heading-center\" style=\"margin:0;\">Persberichten<\/h3><span class=\"awb-title-spacer\"><\/span><div class=\"title-sep-container title-sep-container-right\"><div class=\"title-sep sep-single sep-solid\" style=\"border-color:#e0dede;\"><\/div><\/div><\/div><div class=\"fusion-clearfix\"><\/div><\/div><\/div><div class=\"fusion-layout-column fusion_builder_column fusion-builder-column-4 fusion_builder_column_1_2 1_2 fusion-one-half fusion-column-first rounded-border\" style=\"--awb-padding-top:60px;--awb-padding-right:60px;--awb-padding-bottom:0px;;--awb-padding-left:60px;--awb-bg-color:#ffffff;--awb-bg-color-hover:#ffffff;--awb-bg-size:cover;--awb-border-color:#e2e2e2;--awb-border-top:1px;--awb-border-right:1px;--awb-border-bottom:1px;--awb-border-left:1px;--awb-border-style:solid;width:48%; margin-right: 4%;\"><div class=\"fusion-column-wrapper fusion-flex-column-wrapper-legacy\"><div class=\"fusion-clearfix\"><\/div><\/div><\/div><div class=\"fusion-layout-column fusion_builder_column fusion-builder-column-5 fusion_builder_column_1_1 1_1 fusion-one-full fusion-column-last fusion-column-no-min-height\" style=\"--awb-bg-size:cover;--awb-margin-bottom:0px;\"><div class=\"fusion-column-wrapper fusion-flex-column-wrapper-legacy\"><div class=\"fusion-content-boxes content-boxes columns row fusion-columns-4 fusion-columns-total-1 fusion-content-boxes-1 content-boxes-icon-with-title content-left\" style=\"--awb-hover-accent-color:#2294d6;--awb-circle-hover-accent-color:transparent;\" data-animationOffset=\"top-into-view\"><div style=\"--awb-backgroundcolor:rgba(255,255,255,0);\" class=\"fusion-column content-box-column content-box-column content-box-column-1 col-lg-3 col-md-3 col-sm-3 fusion-content-box-hover content-box-column-first-in-row content-box-column-last\"><div class=\"col content-box-wrapper content-wrapper link-area-box icon-hover-animation-slide\" data-animationOffset=\"top-into-view\"><\/div><\/div><div class=\"fusion-clearfix\"><\/div><\/div><div class=\"fusion-clearfix\"><\/div><\/div><\/div><\/div><\/div>\n","protected":false},"excerpt":{"rendered":"","protected":false},"author":1,"featured_media":0,"parent":0,"menu_order":0,"comment_status":"closed","ping_status":"open","template":"100-width.php","meta":{"footnotes":""},"class_list":["post-3564","page","type-page","status-publish","hentry"],"yoast_head":"<!-- This site is optimized with the Yoast SEO plugin v26.9 - https:\/\/yoast.com\/product\/yoast-seo-wordpress\/ -->\n<title>Noticias - Deugdelijk Bestuur Aruba<\/title>\n<meta name=\"robots\" content=\"index, follow, max-snippet:-1, max-image-preview:large, max-video-preview:-1\" \/>\n<link rel=\"canonical\" href=\"https:\/\/deugdelijkbestuuraruba.org\/es\/noticias\/\" \/>\n<meta property=\"og:locale\" content=\"es_ES\" \/>\n<meta property=\"og:type\" content=\"article\" \/>\n<meta property=\"og:title\" content=\"Noticias - Deugdelijk Bestuur Aruba\" \/>\n<meta property=\"og:url\" content=\"https:\/\/deugdelijkbestuuraruba.org\/es\/noticias\/\" \/>\n<meta property=\"og:site_name\" content=\"Deugdelijk Bestuur Aruba\" \/>\n<meta property=\"article:modified_time\" content=\"2019-02-21T14:57:48+00:00\" \/>\n<meta name=\"twitter:card\" content=\"summary_large_image\" \/>\n<meta name=\"twitter:label1\" content=\"Tiempo de lectura\" \/>\n\t<meta name=\"twitter:data1\" content=\"6 minutos\" \/>\n<script type=\"application\/ld+json\" class=\"yoast-schema-graph\">{\"@context\":\"https:\/\/schema.org\",\"@graph\":[{\"@type\":\"WebPage\",\"@id\":\"https:\/\/deugdelijkbestuuraruba.org\/es\/noticias\/\",\"url\":\"https:\/\/deugdelijkbestuuraruba.org\/es\/noticias\/\",\"name\":\"Noticias - Deugdelijk Bestuur Aruba\",\"isPartOf\":{\"@id\":\"https:\/\/deugdelijkbestuuraruba.org\/#website\"},\"datePublished\":\"2017-02-03T15:20:15+00:00\",\"dateModified\":\"2019-02-21T14:57:48+00:00\",\"breadcrumb\":{\"@id\":\"https:\/\/deugdelijkbestuuraruba.org\/es\/noticias\/#breadcrumb\"},\"inLanguage\":\"es\",\"potentialAction\":[{\"@type\":\"ReadAction\",\"target\":[\"https:\/\/deugdelijkbestuuraruba.org\/es\/noticias\/\"]}]},{\"@type\":\"BreadcrumbList\",\"@id\":\"https:\/\/deugdelijkbestuuraruba.org\/es\/noticias\/#breadcrumb\",\"itemListElement\":[{\"@type\":\"ListItem\",\"position\":1,\"name\":\"Home\",\"item\":\"https:\/\/deugdelijkbestuuraruba.org\/es\/\"},{\"@type\":\"ListItem\",\"position\":2,\"name\":\"Noticias\"}]},{\"@type\":\"WebSite\",\"@id\":\"https:\/\/deugdelijkbestuuraruba.org\/#website\",\"url\":\"https:\/\/deugdelijkbestuuraruba.org\/\",\"name\":\"Deugdelijk Bestuur Aruba\",\"description\":\"\",\"potentialAction\":[{\"@type\":\"SearchAction\",\"target\":{\"@type\":\"EntryPoint\",\"urlTemplate\":\"https:\/\/deugdelijkbestuuraruba.org\/?s={search_term_string}\"},\"query-input\":{\"@type\":\"PropertyValueSpecification\",\"valueRequired\":true,\"valueName\":\"search_term_string\"}}],\"inLanguage\":\"es\"}]}<\/script>\n<!-- \/ Yoast SEO plugin. -->","yoast_head_json":{"title":"Noticias - Deugdelijk Bestuur Aruba","robots":{"index":"index","follow":"follow","max-snippet":"max-snippet:-1","max-image-preview":"max-image-preview:large","max-video-preview":"max-video-preview:-1"},"canonical":"https:\/\/deugdelijkbestuuraruba.org\/es\/noticias\/","og_locale":"es_ES","og_type":"article","og_title":"Noticias - Deugdelijk Bestuur Aruba","og_url":"https:\/\/deugdelijkbestuuraruba.org\/es\/noticias\/","og_site_name":"Deugdelijk Bestuur Aruba","article_modified_time":"2019-02-21T14:57:48+00:00","twitter_card":"summary_large_image","twitter_misc":{"Tiempo de lectura":"6 minutos"},"schema":{"@context":"https:\/\/schema.org","@graph":[{"@type":"WebPage","@id":"https:\/\/deugdelijkbestuuraruba.org\/es\/noticias\/","url":"https:\/\/deugdelijkbestuuraruba.org\/es\/noticias\/","name":"Noticias - Deugdelijk Bestuur Aruba","isPartOf":{"@id":"https:\/\/deugdelijkbestuuraruba.org\/#website"},"datePublished":"2017-02-03T15:20:15+00:00","dateModified":"2019-02-21T14:57:48+00:00","breadcrumb":{"@id":"https:\/\/deugdelijkbestuuraruba.org\/es\/noticias\/#breadcrumb"},"inLanguage":"es","potentialAction":[{"@type":"ReadAction","target":["https:\/\/deugdelijkbestuuraruba.org\/es\/noticias\/"]}]},{"@type":"BreadcrumbList","@id":"https:\/\/deugdelijkbestuuraruba.org\/es\/noticias\/#breadcrumb","itemListElement":[{"@type":"ListItem","position":1,"name":"Home","item":"https:\/\/deugdelijkbestuuraruba.org\/es\/"},{"@type":"ListItem","position":2,"name":"Noticias"}]},{"@type":"WebSite","@id":"https:\/\/deugdelijkbestuuraruba.org\/#website","url":"https:\/\/deugdelijkbestuuraruba.org\/","name":"Deugdelijk Bestuur Aruba","description":"","potentialAction":[{"@type":"SearchAction","target":{"@type":"EntryPoint","urlTemplate":"https:\/\/deugdelijkbestuuraruba.org\/?s={search_term_string}"},"query-input":{"@type":"PropertyValueSpecification","valueRequired":true,"valueName":"search_term_string"}}],"inLanguage":"es"}]}},"_links":{"self":[{"href":"https:\/\/deugdelijkbestuuraruba.org\/es\/wp-json\/wp\/v2\/pages\/3564","targetHints":{"allow":["GET"]}}],"collection":[{"href":"https:\/\/deugdelijkbestuuraruba.org\/es\/wp-json\/wp\/v2\/pages"}],"about":[{"href":"https:\/\/deugdelijkbestuuraruba.org\/es\/wp-json\/wp\/v2\/types\/page"}],"author":[{"embeddable":true,"href":"https:\/\/deugdelijkbestuuraruba.org\/es\/wp-json\/wp\/v2\/users\/1"}],"replies":[{"embeddable":true,"href":"https:\/\/deugdelijkbestuuraruba.org\/es\/wp-json\/wp\/v2\/comments?post=3564"}],"version-history":[{"count":2,"href":"https:\/\/deugdelijkbestuuraruba.org\/es\/wp-json\/wp\/v2\/pages\/3564\/revisions"}],"predecessor-version":[{"id":5354,"href":"https:\/\/deugdelijkbestuuraruba.org\/es\/wp-json\/wp\/v2\/pages\/3564\/revisions\/5354"}],"wp:attachment":[{"href":"https:\/\/deugdelijkbestuuraruba.org\/es\/wp-json\/wp\/v2\/media?parent=3564"}],"curies":[{"name":"wp","href":"https:\/\/api.w.org\/{rel}","templated":true}]}}